{"id":1024,"date":"2015-12-14T07:14:55","date_gmt":"2015-12-14T07:14:55","guid":{"rendered":"http:\/\/consulting.stylemixthemes.com\/demo\/?page_id=2"},"modified":"2025-05-22T17:59:32","modified_gmt":"2025-05-22T21:59:32","slug":"sample-page-2","status":"publish","type":"page","link":"https:\/\/dindincred.com.br\/","title":{"rendered":"Inicio"},"content":{"rendered":"<section class=\"wpb-content-wrapper\"><p>[vc_row css=&#8221;.vc_custom_1450677977665{margin-bottom: 0px !important;}&#8221;][vc_column offset=&#8221;vc_hidden-xs&#8221;][\/vc_column][\/vc_row][vc_row full_width=&#8221;stretch_row_content&#8221; content_placement=&#8221;middle&#8221; el_class=&#8221;third_bg_color&#8221; css=&#8221;.vc_custom_1697669633689{margin-bottom: 60px !important;background-position: center !important;background-repeat: no-repeat !important;background-size: contain !important;}&#8221;][vc_column][vc_cta h2=&#8221;Looking for a First-Class Business Consultant?&#8221; h2_font_container=&#8221;font_size:20px|color:%23000000|line_height:24px&#8221; h2_use_theme_fonts=&#8221;yes&#8221; shape=&#8221;square&#8221; style=&#8221;flat&#8221; add_button=&#8221;right&#8221; btn_title=&#8221;get a quote&#8221; btn_style=&#8221;flat&#8221; btn_color=&#8221;theme_style_2&#8243; btn_align=&#8221;right&#8221; btn_i_align=&#8221;right&#8221; btn_i_icon_fontawesome=&#8221;fa fa-chevron-right&#8221; use_custom_fonts_h2=&#8221;true&#8221; btn_button_block=&#8221;true&#8221; btn_add_icon=&#8221;true&#8221; el_class=&#8221;third_bg_color&#8221; css=&#8221;.vc_custom_1453273274030{margin-bottom: 0px !important;}&#8221;][\/vc_cta][vc_separator color=&#8221;custom&#8221; accent_color=&#8221;#fe5000&#8243;][\/vc_column][vc_column][vc_single_image image=&#8221;7386&#8243; img_size=&#8221;1920&#215;1000&#8243; alignment=&#8221;center&#8221; css_animation=&#8221;bounceInUp&#8221; css=&#8221;.vc_custom_1697669493927{background-image: url(https:\/\/dindincred.com.br\/wp-content\/uploads\/2023\/10\/mulher-caucasiana-sorridente-gesticula-sinal-de-mao-de-dinheiro-scaled-e1697669450234.jpg?id=7386) !important;}&#8221;][\/vc_column][\/vc_row][vc_row full_width=&#8221;stretch_row&#8221; el_class=&#8221;third_bg_color&#8221; css=&#8221;.vc_custom_1697668931583{margin-bottom: 60px !important;}&#8221;][vc_column][vc_cta h2=&#8221;Cr\u00e9dito Consignado INSS<\/p>\n<div> Antecipe Saque FGTS&#8221; h4=&#8221;Contrata\u00e7\u00e3o Online, Digital &#8211; F\u00e1cil, R\u00e1pido e Seguro Voc\u00ea n\u00e3o Precisa Sair de Casa &#8211; Para todo pa\u00eds.&#8221; shape=&#8221;square&#8221; style=&#8221;flat&#8221; add_button=&#8221;right&#8221; btn_title=&#8221;Simule e contrate agora&#8221; btn_style=&#8221;flat&#8221; btn_color=&#8221;theme_style_2&#8243; btn_align=&#8221;right&#8221; btn_i_align=&#8221;right&#8221; btn_i_icon_fontawesome=&#8221;fas fa-angle-right&#8221; btn_button_block=&#8221;true&#8221; btn_add_icon=&#8221;true&#8221; el_class=&#8221;third_bg_color&#8221; css=&#8221;.vc_custom_1747949549678{background-position: center !important;background-repeat: no-repeat !important;background-size: cover !important;}&#8221; btn_link=&#8221;url:https%3A%2F%2Flink.icred.app%2F6wCsaAI|target:_blank&#8221;][\/vc_cta][\/vc_column][\/vc_row][vc_row css=&#8221;.vc_custom_1450856873482{margin-bottom: 37px !important;}&#8221;][vc_column width=&#8221;1\/3&#8243;][stm_animation_block animation=&#8221;fadeInUp&#8221; animation_duration=&#8221;1&#8243; animation_delay=&#8221;0&#8243;][stm_info_box style=&#8221;style_3&#8243; title_icon=&#8221;stm-money-bank-pp&#8221; icon=&#8221;fas fa-angle-right&#8221; title=&#8221;Aposentados e Pensionistas do INSS&#8221; image=&#8221;7398&#8243; link=&#8221;url:https%3A%2F%2Fdindincred.com.br%2Findex.php%2Fservice%2Fconsignado-inss%2F|title:Acesse%20e%20conhe%C3%A7a%20j%C3%A1!|target:_blank&#8221; css=&#8221;.vc_custom_1699994556317{background-image: url(https:\/\/dindincred.com.br\/wp-content\/uploads\/2023\/10\/65132985-2-scaled-e1697644794629.jpg?id=7374) !important;}&#8221;]Todas as vantagens do consignado para aposentados e pensionistas do INSS, LOAS, BPC e Representante Legal.[\/stm_info_box][\/stm_animation_block][\/vc_column][vc_column width=&#8221;1\/3&#8243;][stm_animation_block animation=&#8221;fadeInUp&#8221; animation_duration=&#8221;1&#8243; animation_delay=&#8221;0.05&#8243;][stm_info_box style=&#8221;style_3&#8243; title_icon=&#8221;stm-money-bag-pp&#8221; title=&#8221;Antecipa\u00e7\u00e3o Saque do FGTS e indique e ganhe PIX&#8221; image=&#8221;7212&#8243; link=&#8221;url:https%3A%2F%2Fdindincred.com.br%2Findex.php%2Findique-e-ganhe-fgts%2F|title:Acesse%20e%20conhe%C3%A7a%20j%C3%A1!&#8221;]O dinheiro parado no FGTS\u00a0 j\u00e1 \u00e9 seu! Seu dinheiro na conta ou PIX em instantes! e voc\u00ea pode indicar os amigos e ganhar dinheiro no PIX.[\/stm_info_box][\/stm_animation_block][\/vc_column][vc_column width=&#8221;1\/3&#8243;][stm_animation_block animation=&#8221;fadeInUp&#8221; animation_duration=&#8221;1&#8243; animation_delay=&#8221;0.1&#8243;][stm_info_box style=&#8221;style_3&#8243; title_icon=&#8221;stm-business-card&#8221; title=&#8221;Cart\u00e3o Consignado &#8211; Cart\u00e3o Beneficio&#8221; image=&#8221;7397&#8243; link=&#8221;url:https%3A%2F%2Fdindincred.com.br%2Findex.php%2Fcartao-consignado%2F|title:Acesse%20e%20conhe%C3%A7a%20j%C3%A1!|target:_blank&#8221;]Cart\u00e3o de cr\u00e9dito consignado e Cart\u00e3o Beneficio, lhe proporciona um limite exclusivo de cr\u00e9dito, com melhores condi\u00e7\u00f5es de pagamento.[\/stm_info_box][\/stm_animation_block][\/vc_column][\/vc_row][vc_row full_width=&#8221;stretch_row&#8221; css=&#8221;.vc_custom_1451476985704{padding-top: 53px !important;padding-bottom: 70px !important;background-color: #f2f2f2 !important;}&#8221;][vc_column][vc_custom_heading text=&#8221;Para voc\u00ea:&#8221; font_container=&#8221;tag:h2|font_size:45px|text_align:center|line_height:60px&#8221; use_theme_fonts=&#8221;yes&#8221; el_class=&#8221;base_font_color&#8221; css=&#8221;.vc_custom_1697688968575{margin-bottom: 28px !important;}&#8221;][vc_row_inner css=&#8221;.vc_custom_1455871593995{margin-bottom: 30px !important;}&#8221;][vc_column_inner width=&#8221;1\/3&#8243;][stm_icon_box hide_title_line=&#8221;hide_title_line&#8221; enable_hexagon=&#8221;enable&#8221; enable_hexagon_animation=&#8221;enable&#8221; icon=&#8221;fas fa-dollar-sign&#8221; style=&#8221;icon_left&#8221; icon_size=&#8221;15&#8243; icon_width=&#8221;78&#8243; title=&#8221;Servidores<br \/>\nP\u00fablicos&#8221;]Com o consignado, os servidores p\u00fablicos podem ter acesso ao dinheiro que precisam, sem complica\u00e7\u00e3o. Aproveite taxas de juros mais baixas e prazos mais longos.[\/stm_icon_box][\/vc_column_inner][vc_column_inner width=&#8221;1\/3&#8243;][stm_icon_box hide_title_line=&#8221;hide_title_line&#8221; enable_hexagon=&#8221;enable&#8221; enable_hexagon_animation=&#8221;enable&#8221; icon=&#8221;fas fa-hand-holding-usd&#8221; style=&#8221;icon_left&#8221; icon_size=&#8221;22&#8243; icon_width=&#8221;78&#8243; title=&#8221;Aposentados e<br \/>\nPensionistas do INSS&#8221;]Aproveite a facilidade do consignado para aposentados e pensionistas do INSS, LOAS, BPC e Representante Legal e receba seu dinheiro mais r\u00e1pido!.[\/stm_icon_box][\/vc_column_inner][vc_column_inner width=&#8221;1\/3&#8243;][stm_icon_box hide_title_line=&#8221;hide_title_line&#8221; enable_hexagon=&#8221;enable&#8221; enable_hexagon_animation=&#8221;enable&#8221; icon=&#8221;fas fa-comments-dollar&#8221; style=&#8221;icon_left&#8221; icon_size=&#8221;22&#8243; icon_width=&#8221;78&#8243; title=&#8221;For\u00e7as<br \/>\nArmadas&#8221;]Consignado para For\u00e7as Armadas, Ex\u00e9rcito, Marinha e Aeron\u00e1utica: Aproveite a vantagem de obter um empr\u00e9stimo com taxas diferenciadas e melhores condi\u00e7\u00f5es de pagamento.[\/stm_icon_box][\/vc_column_inner][\/vc_row_inner][vc_row_inner][vc_column_inner width=&#8221;1\/3&#8243;][stm_icon_box hide_title_line=&#8221;hide_title_line&#8221; enable_hexagon=&#8221;enable&#8221; enable_hexagon_animation=&#8221;enable&#8221; icon=&#8221;stm-home&#8221; style=&#8221;icon_left&#8221; icon_size=&#8221;24&#8243; icon_width=&#8221;78&#8243; title=&#8221;Antecipe seu<br \/>\nsaque FGTS&#8221;]Aproveite a oportunidade: Antecipe seu saque FGTS com a ajuda da nossa equipe! Voc\u00ea sabia que agora \u00e9 poss\u00edvel antecipar seu saque FGTS? Receba seu dinheiro com mais rapidez e facilidade.[\/stm_icon_box][\/vc_column_inner][vc_column_inner width=&#8221;1\/3&#8243;][stm_icon_box hide_title_line=&#8221;hide_title_line&#8221; enable_hexagon=&#8221;enable&#8221; enable_hexagon_animation=&#8221;enable&#8221; icon=&#8221;fas fa-dollar-sign&#8221; style=&#8221;icon_left&#8221; icon_size=&#8221;28&#8243; icon_width=&#8221;78&#8243; title=&#8221;Portabilidade<br \/>\nde Consignados&#8221;]Aproveite a portabilidade de consignados e mude para a gente! Aqui n\u00f3s oferecemos a Voc\u00ea taxas mais baixas e prazos mais flex\u00edveis para aproveitar ao m\u00e1ximo seu empr\u00e9stimo.[\/stm_icon_box][\/vc_column_inner][vc_column_inner width=&#8221;1\/3&#8243;][stm_icon_box hide_title_line=&#8221;hide_title_line&#8221; enable_hexagon=&#8221;enable&#8221; enable_hexagon_animation=&#8221;enable&#8221; icon=&#8221;far fa-money-bill-alt&#8221; style=&#8221;icon_left&#8221; icon_size=&#8221;20&#8243; icon_width=&#8221;78&#8243; title=&#8221;Refinanciamento<br \/>\nde Consignados&#8221;]Est\u00e1 precisando refinanciar seu consignado banc\u00e1rio? Aproveite essa oportunidade para economizar com menores taxas de juros e liberamos mais dinheiro.[\/stm_icon_box][\/vc_column_inner][\/vc_row_inner][\/vc_column][\/vc_row][vc_row full_width=&#8221;stretch_row&#8221; el_class=&#8221;overlay fixed_bg&#8221; css=&#8221;.vc_custom_1697691236847{margin-bottom: 53px !important;padding-top: 110px !important;padding-bottom: 81px !important;background-image: url(https:\/\/dindincred.com.br\/wp-content\/uploads\/2023\/10\/close-up-em-objetos-de-educacao-e-economia-1-scaled.jpg?id=7401) !important;background-position: center !important;background-repeat: no-repeat !important;background-size: cover !important;}&#8221;][vc_column][vc_row_inner][vc_column_inner][vc_custom_heading icon=&#8221;stm-check&#8221; icon_size=&#8221;67&#8243; text=&#8221;<mark>Fazendo a coisa certa,<\/mark><br \/>\nno tempo certo.<\/p>\n<div>\n<mark>Desde ano de 2004<mark>&#8221; font_container=&#8221;tag:h4|font_size:45px|text_align:left|color:%23ffffff|line_height:45px&#8221; google_fonts=&#8221;font_family:Poppins%3A300%2Cregular%2C500%2C600%2C700|font_style:700%20bold%3A700%3Anormal&#8221; custom_icon=&#8221;stm-check&#8221; css=&#8221;.vc_custom_1697752585841{margin-bottom: 61px !important;}&#8221; el_class=&#8221;no_stripe&#8221;][\/vc_column_inner][\/vc_row_inner][vc_row_inner][vc_column_inner width=&#8221;1\/6&#8243; offset=&#8221;vc_col-lg-offset-1&#8243;][stm_stats_counter counter_value=&#8221;25000&#8243; title=&#8221;Clientes Atendidos&#8221;][\/vc_column_inner][vc_column_inner width=&#8221;1\/6&#8243;][stm_stats_counter counter_value=&#8221;27&#8243; title=&#8221;Bancos&#8221;][\/vc_column_inner][vc_column_inner width=&#8221;1\/6&#8243;][stm_stats_counter counter_value=&#8221;60&#8243; title=&#8221;Conv\u00eanios&#8221;][\/vc_column_inner][vc_column_inner width=&#8221;1\/6&#8243;][stm_stats_counter counter_value=&#8221;100&#8243; counter_value_suf=&#8221;%&#8221; title=&#8221;Satisfa\u00e7\u00e3o&#8221;][\/vc_column_inner][\/vc_row_inner][\/vc_column][\/vc_row][vc_row css=&#8221;.vc_custom_1450960276268{margin-bottom: 73px !important;}&#8221;][vc_column][vc_custom_heading text=&#8221;Depoimentos&#8221; font_container=&#8221;tag:h2|font_size:45px|text_align:center|line_height:60px&#8221; use_theme_fonts=&#8221;yes&#8221; el_class=&#8221;base_font_color&#8221; css=&#8221;.vc_custom_1697691357251{margin-bottom: 76px !important;}&#8221;][stm_testimonials_carousel style=&#8221;style_4&#8243; category=&#8221;depoimento&#8221; count=&#8221;6&#8243; per_row=&#8221;2&#8243; link=&#8221;url:https%3A%2F%2Fdindincred.com.br%2Findex.php%2Fdepoimento%2F|title:About%20Layout%204&#8243;][\/vc_column][\/vc_row][vc_row full_width=&#8221;stretch_row&#8221; css=&#8221;.vc_custom_1450961224119{padding-top: 41px !important;padding-bottom: 42px !important;background-color: #f2f2f2 !important;}&#8221;][vc_column][stm_image_carousel img_size=&#8221;180&#215;96&#8243; autoplay=&#8221;yes&#8221; images=&#8221;7404,7413,7415,7402,7407,7414,7405&#8243; el_class=&#8221;no_paddings&#8221; link=&#8221;url:%2Fcompany-overview%2Four-partners%2F||&#8221;][\/vc_column][\/vc_row][vc_row full_width=&#8221;stretch_row&#8221; el_class=&#8221;overlay_2 fixed_bg&#8221; css=&#8221;.vc_custom_1453381142995{margin-bottom: 42px !important;padding-top: 66px !important;padding-bottom: 66px !important;background-image: url(https:\/\/dindincred.com.br\/wp-content\/uploads\/2023\/10\/content-1.jpg) !important;background-position: center !important;background-repeat: no-repeat !important;background-size: cover !important;}&#8221;][vc_column][vc_custom_heading text=&#8221;Aproveite esta oportunidade e solicite j\u00e1 o seu.<\/p>\n<div>\n<mark>Agora \u00e9 a hora de realizar os seus sonhos!<\/mark>&#8221; font_container=&#8221;tag:h4|font_size:28px|text_align:center|color:%23ffffff|line_height:34px&#8221; google_fonts=&#8221;font_family:Poppins%3A300%2Cregular%2C500%2C600%2C700|font_style:700%20bold%3A700%3Anormal&#8221;][\/vc_column][\/vc_row][vc_row css=&#8221;.vc_custom_1451479401686{margin-bottom: 31px !important;}&#8221;][vc_column][vc_custom_heading text=&#8221;Blog&#8221; font_container=&#8221;tag:h2|font_size:45px|text_align:center&#8221; use_theme_fonts=&#8221;yes&#8221;][\/vc_column][\/vc_row][vc_row css=&#8221;.vc_custom_1451043728133{margin-bottom: 32px !important;}&#8221;][vc_column][stm_news posts_per_row=&#8221;4&#8243;][\/vc_column][\/vc_row][vc_row][vc_column][stm_quote][\/vc_column][\/vc_row][vc_row][vc_column offset=&#8221;vc_col-md-offset-3&#8243;][vc_column_text]<\/p>\n<table>\n<thead>\n<tr>\n<th><strong>Informa\u00e7\u00f5es<\/strong><\/th>\n<th><strong>Detalhes<\/strong><\/th>\n<\/tr>\n<\/thead>\n<tbody>\n<tr>\n<td><strong>\ud83d\udccd Endere\u00e7o:<\/strong><\/td>\n<td>Rua 13 de Maio, 2310, em frente \u00e0 Pra\u00e7a Ary Coelho, Campo Grande-MS<\/td>\n<\/tr>\n<tr>\n<td><strong>\ud83d\udcf2 WhatsApp:<\/strong><\/td>\n<td>\ud83d\udc49 (67) 99679-5113\ud83d\udc49 (67) 99679-5145\ud83d\udc49 0800 130 3000\ud83d\udc49 (67) 99135-4198<\/td>\n<\/tr>\n<tr>\n<td><strong>\ud83d\udcde Telefone:<\/strong><\/td>\n<td>\ud83d\udc49 (67) 3027-3377\ud83d\udc49 0800 130 3000 para todo pa\u00eds<\/td>\n<\/tr>\n<tr>\n<td><strong>\ud83c\udf10 Site Oficial:<\/strong><\/td>\n<td><a href=\"http:\/\/www.dindincred.com.br\/\">www.dindincred.com.br<\/a><\/td>\n<\/tr>\n<tr>\n<td><strong>\ud83d\udcac Hor\u00e1rio de Atendimento:<\/strong><\/td>\n<td>De segunda a sexta, das 8h \u00e0s 17h<\/td>\n<\/tr>\n<tr>\n<td><strong>\ud83c\udf1f Redes Sociais:<\/strong><\/td>\n<td><\/td>\n<\/tr>\n<tr>\n<td><strong>Facebook:<\/strong><\/td>\n<td>\ud83d\udc49 <a href=\"https:\/\/www.facebook.com\/dindincred\">Din Din Cred no Facebook<\/a><\/td>\n<\/tr>\n<tr>\n<td><strong>Instagram:<\/strong><\/td>\n<td>\ud83d\udc49 <a href=\"https:\/\/www.instagram.com\/dindincred\">Din Din Cred no Instagram<\/a><\/td>\n<\/tr>\n<tr>\n<td><strong>WhatsApp (contato direto):<\/strong><\/td>\n<td>\ud83d\udc49 <a href=\"https:\/\/api.whatsapp.com\/send\/?phone=5567996795145\">Fale Agora no WhatsApp<\/a><\/td>\n<\/tr>\n<tr>\n<td><strong>YouTube:<\/strong><\/td>\n<td>\ud83d\udc49 <a href=\"https:\/\/www.youtube.com\/dindincred\">Canal Din Din Cred no YouTube<\/a><\/td>\n<\/tr>\n<tr>\n<td><strong>LinkedIn:<\/strong><\/td>\n<td>\ud83d\udc49 <a href=\"https:\/\/br.linkedin.com\/company\/din-din-cred\">Din Din Cred no LinkedIn<\/a><\/td>\n<\/tr>\n<tr>\n<td><strong>Google Maps:<\/strong><\/td>\n<td>\ud83d\udc49 <a href=\"https:\/\/goo.gl\/maps\/UH28q9eTGZP2\">Localiza\u00e7\u00e3o Din Din Cred no Google Maps<\/a><\/td>\n<\/tr>\n<tr>\n<td><strong>TikTok:<\/strong><\/td>\n<td>\ud83d\udc49 <a href=\"https:\/\/www.tiktok.com\/@dindincred\">Din Din Cred no TikTok<\/a><\/td>\n<\/tr>\n<tr>\n<td><strong>\ud83d\ude80 Mensagem Final:<\/strong><\/td>\n<td>A Din Din Cred est\u00e1 sempre ao seu lado para transformar sua vida financeira com seguran\u00e7a, agilidade e confian\u00e7a!<\/td>\n<\/tr>\n<\/tbody>\n<\/table>\n<p>[\/vc_column_text][\/vc_column][\/vc_row]<\/p>\n<\/section>","protected":false},"excerpt":{"rendered":"<p>[vc_row css=&#8221;.vc_custom_1450677977665{margin-bottom: 0px !important;}&#8221;][vc_column offset=&#8221;vc_hidden-xs&#8221;][\/vc_column][\/vc_row][vc_row full_width=&#8221;stretch_row_content&#8221; content_placement=&#8221;middle&#8221; el_class=&#8221;third_bg_color&#8221; css=&#8221;.vc_custom_1697669633689{margin-bottom: 60px !important;background-position: center !important;background-repeat: no-repeat !important;background-size: contain !important;}&#8221;][vc_column][vc_cta h2=&#8221;Looking for a First-Class Business Consultant?&#8221; h2_font_container=&#8221;font_size:20px|color:%23000000|line_height:24px&#8221; h2_use_theme_fonts=&#8221;yes&#8221; shape=&#8221;square&#8221; style=&#8221;flat&#8221; add_button=&#8221;right&#8221; btn_title=&#8221;get a quote&#8221; btn_style=&#8221;flat&#8221; btn_color=&#8221;theme_style_2&#8243; btn_align=&#8221;right&#8221; btn_i_align=&#8221;right&#8221; btn_i_icon_fontawesome=&#8221;fa fa-chevron-right&#8221; use_custom_fonts_h2=&#8221;true&#8221; btn_button_block=&#8221;true&#8221; btn_add_icon=&#8221;true&#8221; el_class=&#8221;third_bg_color&#8221; css=&#8221;.vc_custom_1453273274030{margin-bottom: 0px !important;}&#8221;][\/vc_cta][vc_separator color=&#8221;custom&#8221; accent_color=&#8221;#fe5000&#8243;][\/vc_column][vc_column][vc_single_image image=&#8221;7386&#8243; img_size=&#8221;1920&#215;1000&#8243; alignment=&#8221;center&#8221; css_animation=&#8221;bounceInUp&#8221; css=&#8221;.vc_custom_1697669493927{background-image: url(https:\/\/dindincred.com.br\/wp-content\/uploads\/2023\/10\/mulher-caucasiana-sorridente-gesticula-sinal-de-mao-de-dinheiro-scaled-e1697669450234.jpg?id=7386) !important;}&#8221;][\/vc_column][\/vc_row][vc_row full_width=&#8221;stretch_row&#8221; el_class=&#8221;third_bg_color&#8221;<\/p>\n","protected":false},"author":1,"featured_media":0,"parent":0,"menu_order":0,"comment_status":"closed","ping_status":"closed","template":"","meta":{"sfsi_plus_gutenberg_text_before_share":"","sfsi_plus_gutenberg_show_text_before_share":"","sfsi_plus_gutenberg_icon_type":"","sfsi_plus_gutenberg_icon_alignemt":"","sfsi_plus_gutenburg_max_per_row":"","footnotes":""},"class_list":["post-1024","page","type-page","status-publish","hentry"],"_links":{"self":[{"href":"https:\/\/dindincred.com.br\/index.php\/wp-json\/wp\/v2\/pages\/1024"}],"collection":[{"href":"https:\/\/dindincred.com.br\/index.php\/wp-json\/wp\/v2\/pages"}],"about":[{"href":"https:\/\/dindincred.com.br\/index.php\/wp-json\/wp\/v2\/types\/page"}],"author":[{"embeddable":true,"href":"https:\/\/dindincred.com.br\/index.php\/wp-json\/wp\/v2\/users\/1"}],"replies":[{"embeddable":true,"href":"https:\/\/dindincred.com.br\/index.php\/wp-json\/wp\/v2\/comments?post=1024"}],"version-history":[{"count":86,"href":"https:\/\/dindincred.com.br\/index.php\/wp-json\/wp\/v2\/pages\/1024\/revisions"}],"predecessor-version":[{"id":8901,"href":"https:\/\/dindincred.com.br\/index.php\/wp-json\/wp\/v2\/pages\/1024\/revisions\/8901"}],"wp:attachment":[{"href":"https:\/\/dindincred.com.br\/index.php\/wp-json\/wp\/v2\/media?parent=1024"}],"curies":[{"name":"wp","href":"https:\/\/api.w.org\/{rel}","templated":true}]}}