{"id":6137,"date":"2019-11-20T12:33:44","date_gmt":"2019-11-20T12:33:44","guid":{"rendered":"http:\/\/consulting.stylemixthemes.com\/demo\/?page_id=6137"},"modified":"2023-10-23T22:07:59","modified_gmt":"2023-10-24T02:07:59","slug":"como-antecipe-seu-saque-fgts","status":"publish","type":"page","link":"https:\/\/dindincred.com.br\/index.php\/como-antecipe-seu-saque-fgts\/","title":{"rendered":"Como antecipe seu Saque FGTS"},"content":{"rendered":"<section class=\"wpb-content-wrapper\"><p>[vc_row][vc_column]\n\t\t\t<!-- START Saque FGTS REVOLUTION SLIDER 6.6.14 --><p class=\"rs-p-wp-fix\"><\/p>\n\t\t\t<rs-module-wrap id=\"rev_slider_3_1_wrapper\" data-source=\"gallery\" style=\"visibility:hidden;background:transparent;padding:0;margin:0px auto;margin-top:0;margin-bottom:0;\">\n\t\t\t\t<rs-module id=\"rev_slider_3_1\" style=\"\" data-version=\"6.6.14\">\n\t\t\t\t\t<rs-slides style=\"overflow: hidden; position: absolute;\">\n\t\t\t\t\t\t<rs-slide style=\"position: absolute;\" data-key=\"rs-5\" data-title=\"Slide\" data-in=\"o:1;x:(100%);\" data-out=\"a:false;\" class=\"third_bg_color\">\n\t\t\t\t\t\t\t<img decoding=\"async\" src=\"\/\/dindincred.com.br\/wp-content\/plugins\/revslider\/public\/assets\/assets\/dummy.png\" alt=\"Slide\" title=\"Como antecipe seu Saque FGTS\" class=\"rev-slidebg tp-rs-img rs-lazyload\" data-lazyload=\"\/\/dindincred.com.br\/wp-content\/plugins\/revslider\/public\/assets\/assets\/transparent.png\" data-no-retina>\n<!--\n\t\t\t\t\t\t\t--><rs-layer\n\t\t\t\t\t\t\t\tid=\"slider-3-slide-5-layer-1\" \n\t\t\t\t\t\t\t\tdata-type=\"image\"\n\t\t\t\t\t\t\t\tdata-rsp_ch=\"on\"\n\t\t\t\t\t\t\t\tdata-xy=\"x:r;xo:60px;y:-3px;\"\n\t\t\t\t\t\t\t\tdata-text=\"l:22;\"\n\t\t\t\t\t\t\t\tdata-dim=\"w:440px;h:462px;\"\n\t\t\t\t\t\t\t\tdata-frame_1=\"e:power2.inOut;st:500;\"\n\t\t\t\t\t\t\t\tdata-frame_999=\"o:0;e:nothing;st:w;\"\n\t\t\t\t\t\t\t\tstyle=\"z-index:5;\"\n\t\t\t\t\t\t\t><img decoding=\"async\" src=\"\/\/dindincred.com.br\/wp-content\/plugins\/revslider\/public\/assets\/assets\/dummy.png\" alt=\"\" class=\"tp-rs-img rs-lazyload\" width=\"440\" height=\"462\" data-lazyload=\"\/\/dindincred.com.br\/wp-content\/uploads\/2023\/10\/Sem-sair-de-Casa-Consignado.jpg\" data-no-retina> \n\t\t\t\t\t\t\t<\/rs-layer><!--\n\n\t\t\t\t\t\t\t--><rs-layer\n\t\t\t\t\t\t\t\tid=\"slider-3-slide-5-layer-2\" \n\t\t\t\t\t\t\t\tdata-type=\"text\"\n\t\t\t\t\t\t\t\tdata-color=\"rgba(255,255,255,1)\"\n\t\t\t\t\t\t\t\tdata-rsp_ch=\"on\"\n\t\t\t\t\t\t\t\tdata-xy=\"x:66px;y:55px;\"\n\t\t\t\t\t\t\t\tdata-text=\"l:22;\"\n\t\t\t\t\t\t\t\tdata-frame_1=\"e:power2.inOut;st:500;\"\n\t\t\t\t\t\t\t\tdata-frame_999=\"o:0;e:nothing;st:w;\"\n\t\t\t\t\t\t\t\tstyle=\"z-index:6;font-family:'Roboto';\"\n\t\t\t\t\t\t\t><div class=\"consulting-rev-title-2\">\nPara todo Brasil<br\/>\n Saque FGTS\n<\/div> \n\t\t\t\t\t\t\t<\/rs-layer><!--\n\n\t\t\t\t\t\t\t--><rs-layer\n\t\t\t\t\t\t\t\tid=\"slider-3-slide-5-layer-3\" \n\t\t\t\t\t\t\t\tdata-type=\"text\"\n\t\t\t\t\t\t\t\tdata-color=\"rgba(255,255,255,1)\"\n\t\t\t\t\t\t\t\tdata-rsp_ch=\"on\"\n\t\t\t\t\t\t\t\tdata-xy=\"x:61px;y:155px;\"\n\t\t\t\t\t\t\t\tdata-text=\"l:22;\"\n\t\t\t\t\t\t\t\tdata-dim=\"w:1366px;h:105px;\"\n\t\t\t\t\t\t\t\tdata-frame_1=\"e:power2.inOut;st:500;\"\n\t\t\t\t\t\t\t\tdata-frame_999=\"o:0;e:nothing;st:w;\"\n\t\t\t\t\t\t\t\tstyle=\"z-index:7;font-family:'Roboto';\"\n\t\t\t\t\t\t\t><div class=\"consulting-rev-text-2\">\nAproveite o Saque FGTS e pegue seu  Dinheiro AGORA! <br\/>\n Est\u00e1 esperando o que para colocar as m\u00e3os<br\/>  no seu dinheiro?\n O FGTS \u00e9 seu e est\u00e1 na hora de sacar!\n<\/div> \n\t\t\t\t\t\t\t<\/rs-layer><!--\n\n\t\t\t\t\t\t\t--><rs-layer\n\t\t\t\t\t\t\t\tid=\"slider-3-slide-5-layer-4\" \n\t\t\t\t\t\t\t\tdata-type=\"text\"\n\t\t\t\t\t\t\t\tdata-color=\"rgba(255,255,255,1)\"\n\t\t\t\t\t\t\t\tdata-rsp_ch=\"on\"\n\t\t\t\t\t\t\t\tdata-xy=\"x:65px;y:283px;\"\n\t\t\t\t\t\t\t\tdata-text=\"l:22;\"\n\t\t\t\t\t\t\t\tdata-frame_1=\"e:power2.inOut;st:500;\"\n\t\t\t\t\t\t\t\tdata-frame_999=\"o:0;e:nothing;st:w;\"\n\t\t\t\t\t\t\t\tstyle=\"z-index:8;font-family:'Roboto';\"\n\t\t\t\t\t\t\t><a href=\"#\" class=\"button icon_right bordered theme_style_2\">Saque seu FGTS <i class=\"fa fa-chevron-right\"><\/i><\/a> \n\t\t\t\t\t\t\t<\/rs-layer><!--\n-->\t\t\t\t\t\t<\/rs-slide>\n\t\t\t\t\t\t<rs-slide style=\"position: absolute;\" data-key=\"rs-6\" data-title=\"Slide\" data-in=\"o:1;x:(100%);\" data-out=\"a:false;\">\n\t\t\t\t\t\t\t<img decoding=\"async\" src=\"\/\/dindincred.com.br\/wp-content\/plugins\/revslider\/public\/assets\/assets\/dummy.png\" alt=\"Slide\" title=\"Como antecipe seu Saque FGTS\" class=\"rev-slidebg tp-rs-img rs-lazyload\" data-lazyload=\"\/\/dindincred.com.br\/wp-content\/plugins\/revslider\/public\/assets\/assets\/transparent.png\" data-no-retina>\n<!--\n\t\t\t\t\t\t\t--><rs-layer\n\t\t\t\t\t\t\t\tid=\"slider-3-slide-6-layer-0\" \n\t\t\t\t\t\t\t\tdata-type=\"text\"\n\t\t\t\t\t\t\t\tdata-color=\"#ffffff\"\n\t\t\t\t\t\t\t\tdata-rsp_ch=\"on\"\n\t\t\t\t\t\t\t\tdata-xy=\"x:29px;y:56px;\"\n\t\t\t\t\t\t\t\tdata-text=\"w:normal;\"\n\t\t\t\t\t\t\t\tdata-frame_999=\"o:0;st:w;\"\n\t\t\t\t\t\t\t\tstyle=\"z-index:10;font-family:'Roboto';\"\n\t\t\t\t\t\t\t>SAQUE SEU FGTS \n\t\t\t\t\t\t\t<\/rs-layer><!--\n\n\t\t\t\t\t\t\t--><rs-layer\n\t\t\t\t\t\t\t\tid=\"slider-3-slide-6-layer-2\" \n\t\t\t\t\t\t\t\tdata-type=\"text\"\n\t\t\t\t\t\t\t\tdata-color=\"rgba(255, 255, 255, 1)\"\n\t\t\t\t\t\t\t\tdata-rsp_ch=\"on\"\n\t\t\t\t\t\t\t\tdata-xy=\"x:17px;y:84px;\"\n\t\t\t\t\t\t\t\tdata-text=\"l:22;\"\n\t\t\t\t\t\t\t\tdata-frame_1=\"e:power2.inOut;st:500;sR:500;\"\n\t\t\t\t\t\t\t\tdata-frame_999=\"o:0;e:nothing;st:w;sR:8200;\"\n\t\t\t\t\t\t\t\tstyle=\"z-index:7;font-family:'Roboto';\"\n\t\t\t\t\t\t\t><div class=\"consulting-rev-title-2\">\nSe voc\u00ea tem direito ao saque do FGTS,  <br\/> n\u00e3o deixe essa chance passar! \n<\/div> \n\t\t\t\t\t\t\t<\/rs-layer><!--\n\n\t\t\t\t\t\t\t--><rs-layer\n\t\t\t\t\t\t\t\tid=\"slider-3-slide-6-layer-3\" \n\t\t\t\t\t\t\t\tdata-type=\"text\"\n\t\t\t\t\t\t\t\tdata-color=\"rgba(255, 255, 255, 1)\"\n\t\t\t\t\t\t\t\tdata-rsp_ch=\"on\"\n\t\t\t\t\t\t\t\tdata-xy=\"x:17px;y:161px;\"\n\t\t\t\t\t\t\t\tdata-text=\"l:22;\"\n\t\t\t\t\t\t\t\tdata-frame_1=\"e:power2.inOut;st:500;sR:500;\"\n\t\t\t\t\t\t\t\tdata-frame_999=\"o:0;e:nothing;st:w;sR:8200;\"\n\t\t\t\t\t\t\t\tstyle=\"z-index:8;font-family:'Roboto';\"\n\t\t\t\t\t\t\t><div class=\"consulting-rev-text-2\">\nAproveite agora mesmo e saque seu  <br\/>FGTS.\nVoc\u00ea pode sacar e receber hoje! <br\/>\nN\u00e3o perca essa oportunidade  <br\/> de ter dinheiro na conta hoje\n<\/div> \n\t\t\t\t\t\t\t<\/rs-layer><!--\n\n\t\t\t\t\t\t\t--><rs-layer\n\t\t\t\t\t\t\t\tid=\"slider-3-slide-6-layer-4\" \n\t\t\t\t\t\t\t\tdata-type=\"text\"\n\t\t\t\t\t\t\t\tdata-color=\"rgba(255, 255, 255, 1)\"\n\t\t\t\t\t\t\t\tdata-rsp_ch=\"on\"\n\t\t\t\t\t\t\t\tdata-xy=\"x:65px;y:261px;\"\n\t\t\t\t\t\t\t\tdata-text=\"l:22;\"\n\t\t\t\t\t\t\t\tdata-frame_1=\"e:power2.inOut;st:500;sR:500;\"\n\t\t\t\t\t\t\t\tdata-frame_999=\"o:0;e:nothing;st:w;sR:8200;\"\n\t\t\t\t\t\t\t\tstyle=\"z-index:9;font-family:'Roboto';\"\n\t\t\t\t\t\t\t><a href=\"#\" class=\"button icon_right bordered theme_style_2\">Saiba mais <i class=\"fa fa-chevron-right\"><\/i><\/a> \n\t\t\t\t\t\t\t<\/rs-layer><!--\n\n\t\t\t\t\t\t\t--><rs-layer\n\t\t\t\t\t\t\t\tid=\"slider-3-slide-6-layer-5\" \n\t\t\t\t\t\t\t\tdata-type=\"image\"\n\t\t\t\t\t\t\t\tdata-rsp_ch=\"on\"\n\t\t\t\t\t\t\t\tdata-xy=\"x:r;xo:-385px;y:-461px;\"\n\t\t\t\t\t\t\t\tdata-text=\"l:22;\"\n\t\t\t\t\t\t\t\tdata-dim=\"w:1600px;h:1067px;\"\n\t\t\t\t\t\t\t\tdata-frame_1=\"e:power2.inOut;st:500;sR:500;\"\n\t\t\t\t\t\t\t\tdata-frame_999=\"o:0;e:nothing;st:w;sR:8200;\"\n\t\t\t\t\t\t\t\tstyle=\"z-index:6;\"\n\t\t\t\t\t\t\t><img decoding=\"async\" src=\"\/\/dindincred.com.br\/wp-content\/plugins\/revslider\/public\/assets\/assets\/dummy.png\" alt=\"\" class=\"tp-rs-img rs-lazyload\" width=\"1920\" height=\"1280\" data-lazyload=\"\/\/dindincred.com.br\/wp-content\/uploads\/2023\/10\/piggy-bank-850607_1920.jpg\" data-no-retina> \n\t\t\t\t\t\t\t<\/rs-layer><!--\n-->\t\t\t\t\t\t<\/rs-slide>\n\t\t\t\t\t<\/rs-slides>\n\t\t\t\t<\/rs-module>\n\t\t\t\t<script>\n\t\t\t\t\tsetREVStartSize({c: 'rev_slider_3_1',rl:[1240,1024,778,480],el:[407],gw:[1110],gh:[407],type:'carousel',justify:'',layout:'fullwidth',mh:\"0\"});if (window.RS_MODULES!==undefined && window.RS_MODULES.modules!==undefined && window.RS_MODULES.modules[\"revslider31\"]!==undefined) {window.RS_MODULES.modules[\"revslider31\"].once = false;window.revapi3 = undefined;if (window.RS_MODULES.checkMinimal!==undefined) window.RS_MODULES.checkMinimal()}\n\t\t\t\t<\/script>\n\t\t\t<\/rs-module-wrap>\n\t\t\t<!-- END REVOLUTION SLIDER -->\n[\/vc_column][\/vc_row][vc_row full_width=&#8221;stretch_row&#8221; el_class=&#8221;third_bg_color&#8221; css=&#8221;.vc_custom_1451889219674{margin-bottom: -60px !important;}&#8221;][vc_column][vc_cta h2=&#8221;Antecipe seu Saque do FGTS&#8221; h2_font_container=&#8221;tag:h2|font_size:20px|text_align:left|color:%23000000|line_height:24px&#8221; h2_use_theme_fonts=&#8221;yes&#8221; shape=&#8221;square&#8221; style=&#8221;flat&#8221; add_button=&#8221;right&#8221; btn_title=&#8221;Simule pelo WhatsApp&#8221; btn_style=&#8221;flat&#8221; btn_shape=&#8221;square&#8221; btn_color=&#8221;theme_style_3&#8243; btn_align=&#8221;right&#8221; btn_i_align=&#8221;right&#8221; btn_i_icon_fontawesome=&#8221;stm-whatsapp&#8221; btn_css_animation=&#8221;bounceInUp&#8221; particles=&#8221;yes&#8221; use_custom_fonts_h2=&#8221;true&#8221; btn_button_block=&#8221;true&#8221; btn_add_icon=&#8221;true&#8221; el_class=&#8221;third_bg_color&#8221; css=&#8221;.vc_custom_1697515675658{margin-bottom: 0px !important;background-color: #fe5000 !important;}&#8221; btn_link=&#8221;url:https%3A%2F%2Fwa.me%2F5567996795145&#8243;][\/vc_cta][\/vc_column][\/vc_row][vc_row content_placement=&#8221;middle&#8221; el_class=&#8221;center-in-mobile&#8221;][vc_column][\/vc_column][\/vc_row][vc_row][vc_column offset=&#8221;vc_col-lg-6 vc_col-md-7&#8243;][\/vc_column][\/vc_row][vc_row equal_height=&#8221;yes&#8221; content_placement=&#8221;middle&#8221; el_class=&#8221;center-in-mobile&#8221;][vc_column offset=&#8221;vc_col-lg-6 vc_col-md-5&#8243;][stm_spacing lg_spacing=&#8221;50&#8243; md_spacing=&#8221;50&#8243; sm_spacing=&#8221;0&#8243; xs_spacing=&#8221;0&#8243;][vc_single_image image=&#8221;7327&#8243; img_size=&#8221;600&#215;600&#8243; el_class=&#8221;consulting-thumbnail-with-frame&#8221;][stm_spacing][\/vc_column][vc_column offset=&#8221;vc_col-lg-6 vc_col-md-7&#8243;][stm_spacing lg_spacing=&#8221;50&#8243; md_spacing=&#8221;50&#8243;][stm_spacing][vc_custom_heading text=&#8221;Como Sacar seu FGTS&#8221; use_theme_fonts=&#8221;yes&#8221;][vc_custom_heading stripe_pos=&#8221;hide&#8221; text=&#8221;&#8221; use_theme_fonts=&#8221;yes&#8221;][stm_spacing lg_spacing=&#8221;16&#8243; md_spacing=&#8221;16&#8243; sm_spacing=&#8221;16&#8243; xs_spacing=&#8221;16&#8243;][vc_row_inner][vc_column_inner width=&#8221;1\/3&#8243; offset=&#8221;vc_col-lg-4 vc_col-md-4 vc_col-xs-12&#8243;][stm_icon_box box_style=&#8221;style_9&#8243; icon=&#8221;stm-money-bank-pp&#8221; icon_size=&#8221;20&#8243;]Autorize o Banco[\/stm_icon_box][stm_spacing lg_spacing=&#8221;37&#8243; md_spacing=&#8221;37&#8243; sm_spacing=&#8221;20&#8243; xs_spacing=&#8221;20&#8243;][\/vc_column_inner][vc_column_inner width=&#8221;1\/3&#8243; offset=&#8221;vc_col-lg-4 vc_col-md-4 vc_col-xs-12&#8243;][stm_icon_box box_style=&#8221;style_9&#8243; icon=&#8221;stm-whatsapp&#8221; icon_size=&#8221;20&#8243; title=&#8221;Simule pelo WhatsApp&#8221;][\/stm_icon_box][stm_spacing lg_spacing=&#8221;37&#8243; md_spacing=&#8221;37&#8243; sm_spacing=&#8221;20&#8243; xs_spacing=&#8221;20&#8243;][\/vc_column_inner][vc_column_inner width=&#8221;1\/3&#8243; offset=&#8221;vc_col-lg-4 vc_col-md-4 vc_col-xs-12&#8243;][stm_icon_box box_style=&#8221;style_9&#8243; icon=&#8221;stm-money-bag-pp&#8221; icon_size=&#8221;22&#8243; title=&#8221;Dinheiro na sua Conta \/ PIX&#8221;][\/stm_icon_box][stm_spacing lg_spacing=&#8221;37&#8243; md_spacing=&#8221;37&#8243; sm_spacing=&#8221;20&#8243; xs_spacing=&#8221;20&#8243;][\/vc_column_inner][\/vc_row_inner][vc_column_text]<\/p>\n<p style=\"font-size: 16px;\">Para ter direito ao Saque Anivers\u00e1rio, \u00e9 necess\u00e1rio que o trabalhador fa\u00e7a a op\u00e7\u00e3o pela modalidade Saque Anivers\u00e1rio atrav\u00e9s do App FGTS, no site fgts.caixa.gov.br, Internet Banking CAIXA ou App CAIXA.<br \/>\nA antecipa\u00e7\u00e3o do Saque do FGTS \u00e9 o dinheiro seu que em instantes voc\u00ea pode ter em sua conta o u Pix.\u00a0 Se voc\u00ea deseja simular o saque do seu FGTS e aproveitar todas as vantagens que ele oferece, ficou f\u00e1cil! Basta seguir os passos abaixo para habilitar a consulta. Acesse agora e comece a aproveitar![\/vc_column_text][vc_btn title=&#8221;Simule agora pelo WhatsApp&#8221; style=&#8221;flat&#8221; color=&#8221;theme_style_5&#8243; size=&#8221;lg&#8221; align=&#8221;left&#8221; link=&#8221;url:https%3A%2F%2Fwa.me%2F5567996795145|target:_blank&#8221;][\/vc_column][\/vc_row][vc_row][vc_column offset=&#8221;vc_col-lg-6 vc_col-md-5&#8243; css=&#8221;.vc_custom_1697486715386{border-left-width: 20px !important;}&#8221;][stm_spacing lg_spacing=&#8221;50&#8243; md_spacing=&#8221;50&#8243;][vc_single_image image=&#8221;7340&#8243; img_size=&#8221;225&#215;450&#8243; alignment=&#8221;center&#8221;][\/vc_column][vc_column offset=&#8221;vc_col-lg-6 vc_col-md-7&#8243;][vc_custom_heading text=&#8221;Acesse o App do FGTS em seu celular&#8221; use_theme_fonts=&#8221;yes&#8221;][stm_spacing lg_spacing=&#8221;37&#8243; md_spacing=&#8221;37&#8243; sm_spacing=&#8221;20&#8243; xs_spacing=&#8221;20&#8243;][vc_column_text]<\/p>\n<p>Voc\u00ea j\u00e1 sabia que \u00e9 poss\u00edvel sacar seu dinheiro do FGTS de forma f\u00e1cil e segura? Seu FGTS anivers\u00e1rio pode estar mais pr\u00f3ximo do que voc\u00ea imagina! A op\u00e7\u00e3o de saque-anivers\u00e1rio pode ser habilitada por meio do aplicativo do FGTS ou pelo site do FGTS. Para este \u00faltimo \u00e9 necess\u00e1rio ter certificado digital. Saia na frente e aproveite este benef\u00edcio do FGTS! Acesse agora mesmo o App do FGTS em seu celular e descubra como.[\/vc_column_text][\/vc_column][\/vc_row][vc_row][vc_column offset=&#8221;vc_col-lg-6 vc_col-md-5&#8243;][vc_custom_heading text=&#8221;Agora, voc\u00ea tamb\u00e9m pode habilitar o saque-anivers\u00e1rio! Siga os passos acima e veja como \u00e9 f\u00e1cil!&#8221; use_theme_fonts=&#8221;yes&#8221;][stm_spacing lg_spacing=&#8221;37&#8243; md_spacing=&#8221;37&#8243; sm_spacing=&#8221;20&#8243; xs_spacing=&#8221;20&#8243;][vc_column_text]1 \u2013 Fa\u00e7a login com seu CPF e senha cadastrada;<br \/>\n2 \u2013 Em seguida, clique no menu \u201cMeus Saques\u201d;<br \/>\n3 \u2013 Se estiver na \u201cmodalidade saque-rescis\u00e3o\u201d \u00e9 amais comum precisa mudar. Para fazer a troca, basta clicar na op\u00e7\u00e3o \u201cmodalidade saque-anivers\u00e1rio\u201d<br \/>\n4 \u2013 Para confirmar que a modalidade escolhida est\u00e1 habilitada, verifique se a imagem com a palavra \u201cativo\u201d, em um c\u00edrculo verde, aparecer\u00e1 na tela.[\/vc_column_text][\/vc_column][vc_column offset=&#8221;vc_col-lg-6 vc_col-md-7&#8243;][stm_spacing lg_spacing=&#8221;50&#8243; md_spacing=&#8221;50&#8243;][vc_single_image image=&#8221;7345&#8243; img_size=&#8221;225&#215;450&#8243; alignment=&#8221;center&#8221;][\/vc_column][vc_column offset=&#8221;vc_col-lg-6 vc_col-md-5&#8243;][stm_spacing lg_spacing=&#8221;50&#8243; md_spacing=&#8221;50&#8243;][vc_single_image image=&#8221;7346&#8243; img_size=&#8221;225&#215;450&#8243; alignment=&#8221;center&#8221;][\/vc_column][vc_column offset=&#8221;vc_col-lg-6 vc_col-md-5&#8243;][vc_custom_heading text=&#8221;Autorizar o Banco&#8221; use_theme_fonts=&#8221;yes&#8221;][stm_spacing lg_spacing=&#8221;37&#8243; md_spacing=&#8221;37&#8243; sm_spacing=&#8221;20&#8243; xs_spacing=&#8221;20&#8243;][vc_column_text]<\/p>\n<blockquote><p>Em seguida aparecer\u00e3o duas op\u00e7\u00f5es: moradia pr\u00f3pria e <strong>Empr\u00e9stimo Saque-Anivers\u00e1rio<\/strong>. Voc\u00ea deve clicar na segunda op\u00e7\u00e3o.<\/p><\/blockquote>\n<p>O banco precisa da sua autoriza\u00e7\u00e3o para saber o saldo do seu FGTS, fique tranquilo! at\u00e9 aqui ele vai simular quantos voc\u00ea pode antecipar de Saque.<\/p>\n<p>Al\u00e9m de habilitar a modalidade de saque-anivers\u00e1rio, tamb\u00e9m \u00e9 preciso <strong>autorizar que a institui\u00e7\u00e3o financeira escolhida<\/strong> para a consulta do saldo. Ficou com alguma d\u00favida? Entre em contato conosco! N\u00e3o perca a oportunidade de economizar. <strong>Autorize j\u00e1 a consulta do saldo e habilite a modalidade de saque-anivers\u00e1rio!<\/strong>[\/vc_column_text][\/vc_column][\/vc_row][vc_row][vc_column offset=&#8221;vc_col-lg-6 vc_col-md-5&#8243;][vc_custom_heading text=&#8221;Selecione o Banco a institui\u00e7\u00e3o financeira&#8221; use_theme_fonts=&#8221;yes&#8221;][stm_spacing lg_spacing=&#8221;37&#8243; md_spacing=&#8221;37&#8243; sm_spacing=&#8221;20&#8243; xs_spacing=&#8221;20&#8243;][vc_column_text]Voc\u00ea precisar\u00e1 adicionar a institui\u00e7\u00e3o financeira e confirmar a sele\u00e7\u00e3o e depois confirmar novamente a mensagem que vai aparecer na tela.<\/p>\n<p>Adicione: A <strong>QI Sociedade de Cr\u00e9dito Direto S.A<\/strong>, e a <strong>Delcredi<\/strong> <strong>Sociedade de Cr\u00e9dito Direto S.A <\/strong>s\u00e3o duas institui\u00e7\u00f5es financeiras nossas parceiras financeira, oferecem a possibilidade de antecipa\u00e7\u00e3o de Saque do seu FGTS para que voc\u00ea possa aproveitar todos os benef\u00edcios do dinheiro que \u00e9 seu do FGTS. Confirme a sele\u00e7\u00e3o e depois confirme novamente a mensagem que vai aparecer na tela para come\u00e7ar a usufruir dos benef\u00edcios da antecipa\u00e7\u00e3o. Aproveite essa oportunidade e chame j\u00e1 no WhatsApp[\/vc_column_text][\/vc_column][vc_column offset=&#8221;vc_col-lg-6 vc_col-md-7&#8243;][stm_spacing lg_spacing=&#8221;50&#8243; md_spacing=&#8221;50&#8243;][vc_single_image image=&#8221;7347&#8243; img_size=&#8221;225&#215;450&#8243; alignment=&#8221;center&#8221;][\/vc_column][\/vc_row][vc_row][vc_column offset=&#8221;vc_col-lg-6 vc_col-md-5&#8243;][stm_spacing lg_spacing=&#8221;50&#8243; md_spacing=&#8221;50&#8243;][vc_single_image image=&#8221;7344&#8243; img_size=&#8221;225&#215;450&#8243; alignment=&#8221;center&#8221;][\/vc_column][vc_column offset=&#8221;vc_col-lg-6 vc_col-md-7&#8243;][vc_custom_heading text=&#8221;Pronto!&#8221; use_theme_fonts=&#8221;yes&#8221;][stm_spacing lg_spacing=&#8221;37&#8243; md_spacing=&#8221;37&#8243; sm_spacing=&#8221;20&#8243; xs_spacing=&#8221;20&#8243;][vc_column_text]<\/p>\n<p>Voc\u00ea autorizou a institui\u00e7\u00e3o financeira a consultar seu saldo do FGTS? Ent\u00e3o aproveite e tire todas as suas d\u00favidas com nossa equipe especializada. Conversando com nossos especialistas no WhatsApp, voc\u00ea consegue uma orienta\u00e7\u00e3o personalizada para tomar decis\u00f5es inteligentes com seu FGTS. Chame nossa experiente equipe agora mesmo e Saque seu FGTS![\/vc_column_text][\/vc_column][\/vc_row][vc_row][vc_column][stm_spacing md_spacing=&#8221;26&#8243;][vc_cta h2=&#8221;Antecipe j\u00e1 seu Saque do FGTS&#8221; h2_font_container=&#8221;tag:h2|text_align:left|color:%23ffffff&#8221; h2_use_theme_fonts=&#8221;yes&#8221; add_button=&#8221;right&#8221; btn_title=&#8221;Chame WhatsApp&#8221; btn_color=&#8221;primary&#8221; btn_i_icon_fontawesome=&#8221;stm-whatsapp&#8221; use_custom_fonts_h2=&#8221;true&#8221; btn_add_icon=&#8221;true&#8221; css=&#8221;.vc_custom_1697499595123{background-color: #fe5000 !important;}&#8221;][\/vc_cta][\/vc_column][\/vc_row]<\/p>\n<\/section>","protected":false},"excerpt":{"rendered":"<p>[vc_row][vc_column][\/vc_column][\/vc_row][vc_row full_width=&#8221;stretch_row&#8221; el_class=&#8221;third_bg_color&#8221; css=&#8221;.vc_custom_1451889219674{margin-bottom: -60px !important;}&#8221;][vc_column][vc_cta h2=&#8221;Antecipe seu Saque do FGTS&#8221; h2_font_container=&#8221;tag:h2|font_size:20px|text_align:left|color:%23000000|line_height:24px&#8221; h2_use_theme_fonts=&#8221;yes&#8221; shape=&#8221;square&#8221; style=&#8221;flat&#8221; add_button=&#8221;right&#8221; btn_title=&#8221;Simule pelo WhatsApp&#8221; btn_style=&#8221;flat&#8221; btn_shape=&#8221;square&#8221; btn_color=&#8221;theme_style_3&#8243; btn_align=&#8221;right&#8221; btn_i_align=&#8221;right&#8221; btn_i_icon_fontawesome=&#8221;stm-whatsapp&#8221; btn_css_animation=&#8221;bounceInUp&#8221; particles=&#8221;yes&#8221; use_custom_fonts_h2=&#8221;true&#8221; btn_button_block=&#8221;true&#8221; btn_add_icon=&#8221;true&#8221; el_class=&#8221;third_bg_color&#8221; css=&#8221;.vc_custom_1697515675658{margin-bottom: 0px !important;background-color: #fe5000 !important;}&#8221; btn_link=&#8221;url:https%3A%2F%2Fwa.me%2F5567996795145&#8243;][\/vc_cta][\/vc_column][\/vc_row][vc_row content_placement=&#8221;middle&#8221; el_class=&#8221;center-in-mobile&#8221;][vc_column][\/vc_column][\/vc_row][vc_row][vc_column offset=&#8221;vc_col-lg-6 vc_col-md-7&#8243;][\/vc_column][\/vc_row][vc_row equal_height=&#8221;yes&#8221; content_placement=&#8221;middle&#8221; el_class=&#8221;center-in-mobile&#8221;][vc_column offset=&#8221;vc_col-lg-6 vc_col-md-5&#8243;][stm_spacing lg_spacing=&#8221;50&#8243; md_spacing=&#8221;50&#8243; sm_spacing=&#8221;0&#8243; xs_spacing=&#8221;0&#8243;][vc_single_image image=&#8221;7327&#8243; img_size=&#8221;600&#215;600&#8243; el_class=&#8221;consulting-thumbnail-with-frame&#8221;][stm_spacing][\/vc_column][vc_column offset=&#8221;vc_col-lg-6 vc_col-md-7&#8243;][stm_spacing<\/p>\n","protected":false},"author":1,"featured_media":0,"parent":0,"menu_order":0,"comment_status":"closed","ping_status":"closed","template":"","meta":{"sfsi_plus_gutenberg_text_before_share":"","sfsi_plus_gutenberg_show_text_before_share":"","sfsi_plus_gutenberg_icon_type":"","sfsi_plus_gutenberg_icon_alignemt":"","sfsi_plus_gutenburg_max_per_row":"","footnotes":""},"class_list":["post-6137","page","type-page","status-publish","hentry"],"_links":{"self":[{"href":"https:\/\/dindincred.com.br\/index.php\/wp-json\/wp\/v2\/pages\/6137"}],"collection":[{"href":"https:\/\/dindincred.com.br\/index.php\/wp-json\/wp\/v2\/pages"}],"about":[{"href":"https:\/\/dindincred.com.br\/index.php\/wp-json\/wp\/v2\/types\/page"}],"author":[{"embeddable":true,"href":"https:\/\/dindincred.com.br\/index.php\/wp-json\/wp\/v2\/users\/1"}],"replies":[{"embeddable":true,"href":"https:\/\/dindincred.com.br\/index.php\/wp-json\/wp\/v2\/comments?post=6137"}],"version-history":[{"count":39,"href":"https:\/\/dindincred.com.br\/index.php\/wp-json\/wp\/v2\/pages\/6137\/revisions"}],"predecessor-version":[{"id":7540,"href":"https:\/\/dindincred.com.br\/index.php\/wp-json\/wp\/v2\/pages\/6137\/revisions\/7540"}],"wp:attachment":[{"href":"https:\/\/dindincred.com.br\/index.php\/wp-json\/wp\/v2\/media?parent=6137"}],"curies":[{"name":"wp","href":"https:\/\/api.w.org\/{rel}","templated":true}]}}