{"id":6266,"date":"2019-11-26T09:25:26","date_gmt":"2019-11-26T09:25:26","guid":{"rendered":"http:\/\/consulting.stylemixthemes.com\/demo\/?page_id=6266"},"modified":"2023-10-31T21:56:50","modified_gmt":"2023-11-01T01:56:50","slug":"emprestimo-consignado-loas-bpc","status":"publish","type":"page","link":"https:\/\/dindincred.com.br\/index.php\/emprestimo-consignado-loas-bpc\/","title":{"rendered":"Empr\u00e9stimo Consignado LOAS | Consignado BPC"},"content":{"rendered":"<section class=\"wpb-content-wrapper\"><p>[vc_row][vc_column][\/vc_column][\/vc_row][vc_row full_width=&#8221;stretch_row&#8221; css=&#8221;.vc_custom_1485516797007{margin-top: -75px !important;margin-bottom: 55px !important;padding-top: 81px !important;padding-bottom: 78px !important;background-color: #f2f2f2 !important;}&#8221;][vc_column width=&#8221;7\/12&#8243;][vc_column_text css=&#8221;.vc_custom_1698708470046{margin-bottom: 25px !important;}&#8221;]<\/p>\n<p>O empr\u00e9stimo consignado ao Benef\u00edcio de Presta\u00e7\u00e3o Continuada (BPC\/Loas) voltou a ser liberado ap\u00f3s uma decis\u00e3o un\u00e2nime do Supremo Tribunal Federal (STF). Agora, voc\u00ea pode contar com o cr\u00e9dito atrelado ao beneficio pago pelo Instituto Brasileiro do Seguro Social (INSS)! N\u00e3o perca mais tempo, aproveite essa nova oportunidade! Chame no WhatsApp 67 99679-5145 atendemos todo pa\u00eds!\u00a0 Acesse j\u00e1 o site da Din Din Cred e saiba como conseguir o seu empr\u00e9stimo consignado!<\/p>\n<p><span style=\"font-family: Montserrat; color: #444444; font-size: 16px; letter-spacing: -0.4px;\">\u00a0<\/span>[\/vc_column_text][vc_column_text]<\/p>\n<p>Descubra como ter acesso a R$18.000 em empr\u00e9stimo consignado para LOAS e BPC na Din Din Cred!<br \/>\nEstamos felizes em anunciar que o empr\u00e9stimo consignado LOAS est\u00e1 de volta para voc\u00ea!<br \/>\nCom o empr\u00e9stimo consignado na Din Din Cred, voc\u00ea pode obter at\u00e9 R$18.000 para fazer o que quiser. Aproveite para realizar seus sonhos, realizar aquela viagem dos sonhos, quitar suas d\u00edvidas, fazer uma reforma na sua casa ou realizar qualquer outro projeto que voc\u00ea deseja.<br \/>\nN\u00e3o fique de fora! Acesse agora mesmo a Din Din Cred e garanta seu empr\u00e9stimo consignado LOAS!<\/p>\n<p><span style=\"line-height: 22px;\">\u00a0<\/span>[\/vc_column_text][vc_column_text]<\/p>\n<blockquote style=\"background-color: #ffffff;\"><p>\u00a0O INSS liberou o consignado para benefici\u00e1rios do BPC e LOAS, Voc\u00ea j\u00e1 pode fazer na\u00a0 Din Din Cred. Agora voc\u00ea pode usufruir de benef\u00edcios como pagamento de contas em dia e compras \u00e0 vista. N\u00e3o perca mais tempo e aproveite! Garanta j\u00e1 o seu consignado BPC e LOAS, na Din Din Cred. Aproveite agora!<\/p><\/blockquote>\n<p>[\/vc_column_text][stm_spacing lg_spacing=&#8221;0&#8243; md_spacing=&#8221;0&#8243; sm_spacing=&#8221;0&#8243; xs_spacing=&#8221;30&#8243;][\/vc_column][vc_column width=&#8221;5\/12&#8243;][vc_video link=&#8221;www.youtube.com\/embed\/86iR-ICy7TA?si=hZSFnU_O8zIWjrsm&#8221; size=&#8221;380&#8243; image=&#8221;1372&#8243; css=&#8221;.vc_custom_1698708172457{padding-top: 3px !important;}&#8221; height_size=&#8221;264&#8243; title=&#8221;Promo\u00e7\u00e3o do lan\u00e7amento do Consignado LOAS &#8211; BPC na TV em 2022&#8243;][\/vc_column][\/vc_row][vc_row][vc_column][vc_custom_heading text=&#8221;Conhe\u00e7as as vantagens do consignado BPC \/ LOAS&#8221; font_container=&#8221;tag:h3|text_align:left&#8221; use_theme_fonts=&#8221;yes&#8221; css=&#8221;.vc_custom_1698709073868{margin-bottom: 39px !important;}&#8221;][\/vc_column][\/vc_row][vc_row css=&#8221;.vc_custom_1485526502077{margin-bottom: 30px !important;}&#8221;][vc_column offset=&#8221;vc_col-lg-4 vc_col-md-4&#8243;][stm_icon_box icon=&#8221;far fa-money-bill-alt&#8221; style=&#8221;icon_left&#8221; icon_size=&#8221;16&#8243; icon_color=&#8221;base&#8221; icon_bg_color=&#8221;third_bg&#8221; icon_width=&#8221;70&#8243; title=&#8221;Margem Consign\u00e1vel do BPC \/ LOAS&#8221; css=&#8221;.vc_custom_1698778712370{margin-bottom: 28px !important;}&#8221;]Quem recebe\u00a0BPC\u00a0s\u00f3 poder\u00e1 comprometer at\u00e9 35% da renda mensal com o\u00a0consignado, dos quais: 30% para opera\u00e7\u00f5es de empr\u00e9stimo\u00a0consignado; e. 5% para cart\u00e3o de cr\u00e9dito\u00a0consignado\u00a0ou para cart\u00e3o\u00a0consignado\u00a0de benef\u00edcio.[\/stm_icon_box][stm_icon_box icon=&#8221;fas fa-university&#8221; style=&#8221;icon_left&#8221; icon_size=&#8221;22&#8243; icon_color=&#8221;base&#8221; icon_bg_color=&#8221;third_bg&#8221; icon_width=&#8221;70&#8243; title=&#8221;Sem burocracia!&#8221; css=&#8221;.vc_custom_1698709789515{margin-bottom: 28px !important;}&#8221;]Est\u00e1 com d\u00edvidas? N\u00e3o sabe se est\u00e1 no SPC ou Serasa? N\u00e3o se preocupe mais com burocracias! n\u00e3o consultar o SPC e Serasa. Aproveite a facilidade de n\u00e3o ter que se preocupar com burocracias e se livre de d\u00edvidas! Experimente agora a tranquilidade de n\u00e3o consulta SPC e Serasa. Aproveite![\/stm_icon_box][\/vc_column][vc_column offset=&#8221;vc_col-lg-4 vc_col-md-4&#8243;][stm_icon_box icon=&#8221;fas fa-hand-holding-usd&#8221; style=&#8221;icon_left&#8221; icon_size=&#8221;20&#8243; icon_color=&#8221;base&#8221; icon_bg_color=&#8221;third_bg&#8221; icon_width=&#8221;70&#8243; title=&#8221;Conhe\u00e7a o consignado:&#8221; css=&#8221;.vc_custom_1698709185010{margin-bottom: 28px !important;}&#8221;]<span style=\"line-height: 24px;\">J\u00e1 o consignado \u00e9 um tipo de empr\u00e9stimo em que a presta\u00e7\u00e3o \u00e9 descontada diretamente da folha de pagamento ou, nesse caso, no valor do benef\u00edcio recebido.<\/span>[\/stm_icon_box][stm_icon_box icon=&#8221;fas fa-dollar-sign&#8221; style=&#8221;icon_left&#8221; icon_size=&#8221;28&#8243; icon_color=&#8221;base&#8221; icon_bg_color=&#8221;third_bg&#8221; icon_width=&#8221;70&#8243; title=&#8221;Em at\u00e9 84 vezes fixas!&#8221; css=&#8221;.vc_custom_1698710039450{margin-bottom: 28px !important;}&#8221;]Em at\u00e9 84 vezes fixas, para realizar grandes sonhos, com juros baixos e parcelas pequenas que cabem em seu or\u00e7amento. Se quiser quitar antes pode. Aproveite taxas e prazos diferenciados para realizar seus sonhos e projetos com mais tranquilidade.[\/stm_icon_box][\/vc_column][vc_column offset=&#8221;vc_col-lg-4 vc_col-md-4&#8243;][stm_icon_box icon=&#8221;stm-cart_13&#8243; style=&#8221;icon_left&#8221; icon_size=&#8221;20&#8243; icon_color=&#8221;base&#8221; icon_bg_color=&#8221;third_bg&#8221; icon_width=&#8221;70&#8243; title=&#8221;O cr\u00e9dito mais barato do mercado&#8221; css=&#8221;.vc_custom_1698778675371{margin-bottom: 28px !important;}&#8221;]O consignado INSS garante uma taxa de juros mais baixa que outros empr\u00e9stimos. \u00c9 o mais barato do pa\u00eds para pessoa f\u00edsica benefici\u00e1rios do INSS.[\/stm_icon_box][stm_icon_box icon=&#8221;stm-money-bars-pp&#8221; style=&#8221;icon_left&#8221; icon_size=&#8221;18&#8243; icon_color=&#8221;base&#8221; icon_bg_color=&#8221;third_bg&#8221; icon_width=&#8221;70&#8243; title=&#8221;A principal linha de cr\u00e9dito do benefici\u00e1rio do INSS&#8221;]O Consignado INSS \u00e9 a modalidade de cr\u00e9dito mais usada por aposentados e pensionistas do INSS, por quem recebe LOAS,\u00a0 BPC, e Representante Legal. \u00c9 a principal linha de cr\u00e9dito pessoal, o consignado libera mais dinheiro da forma mais simples.<\/p>\n<p><span style=\"line-height: 24px;\">\u00a0<\/span>[\/stm_icon_box][\/vc_column][\/vc_row][vc_row css=&#8221;.vc_custom_1485599609272{margin-bottom: 35px !important;}&#8221;][vc_column][vc_custom_heading text=&#8221;Saiba mais do empr\u00e9stimo consignado LOAS e BPC:&#8221;][vc_tta_accordion active_section=&#8221;1&#8243;][vc_tta_section title=&#8221;O que \u00e9 margem consign\u00e1vel?&#8221; tab_id=&#8221;1698710493173-b755f91f-3701&#8243;][vc_column_text]Atualmente, a margem consign\u00e1vel do INSS \u00e9 de 40%, sendo que at\u00e9 35% do recebimento mensal pode ser desconta. A margem do LOAS e BPC \u00e9 de 30% N\u00e3o perca a oportunidade de obter as vantagens do empr\u00e9stimo consignado! Saiba mais agora mesmo e fa\u00e7a j\u00e1 sua simula\u00e7\u00e3o![\/vc_column_text][\/vc_tta_section][vc_tta_section title=&#8221;Quem tem direito ao empr\u00e9stimo consignado?&#8221; tab_id=&#8221;1698710493174-7fbd54ce-227f&#8221;][vc_column_text]O empr\u00e9stimo consignado pode ser solicitado por aposentados, pensionistas do INSS, LOAS, BPC e representante Legal. que atendem as regras do INSS de beneficios liberados para empr\u00e9stimos.[\/vc_column_text][\/vc_tta_section][vc_tta_section title=&#8221;Qual a taxa de juros do consignado INSS?&#8221; tab_id=&#8221;1698710837310-68556de4-2c45&#8243;][vc_column_text]<\/p>\n<p class=\"documentFirstHeading\">Consignado do INSS est\u00e1 em taxa m\u00e1xima de 1,84%. Sendo as menores na modalidade de cr\u00e9dito pessoal do pa\u00eds para o INSS.<\/p>\n<p>[\/vc_column_text][\/vc_tta_section][vc_tta_section title=&#8221;Como desbloquear o meu benef\u00edcio do INSS, LOAS, BPC para Empr\u00e9stimo Consignado?&#8221; tab_id=&#8221;1698711055163-e6c57586-b439&#8243;][vc_column_text]Voc\u00ea pode vir pessoalmente e daremos todo apoio, ou fazer ai mesmo:<\/p>\n<p>Passo 1 \u2013 Acessar o site: https:\/\/meu.inss.gov.br ou o aplicativo \u201cMeu INSS\u201d e procurar a op\u00e7\u00e3o Agendamentos\/Solicita\u00e7\u00f5es; \u2022 Passo 2 \u2013 Buscar, digitando digitar \u201cdesbloquear\u201d; \u2022 Passo 3 \u2013 Selecione \u201cBloqueio\/Desbloqueio de Benef\u00edcio para Empr\u00e9stimo\u201d; \u2022 Passo 4 \u2013 Solicitar o desbloqueio do servi\u00e7o, informando os dados que forem solicitados.<\/p>\n<p>[\/vc_column_text][\/vc_tta_section][vc_tta_section title=&#8221;Estou sem margem no consignado, posso fazer um empr\u00e9stimo?&#8221; tab_id=&#8221;1698711058692-17c39b4d-81cc&#8221;][vc_column_text]Voc\u00ea pode entrar em contato com nossa equipe, e enviar o extrato dos seu empr\u00e9stimos, que voc\u00ea tirar no App Meu INSS. e veremos a possibilidade de refinanciar ou portabilidade. liberando troco pra voc\u00ea.[\/vc_column_text][\/vc_tta_section][vc_tta_section title=&#8221;Voc\u00eas cobram algum valor para a libera\u00e7\u00e3o do empr\u00e9stimo?&#8221; tab_id=&#8221;1698711904250-ef36e3ca-b944&#8243;][vc_column_text]N\u00e3o.a Din Din Cred correspondentes banc\u00e1rio n\u00e3o solicitam nenhum tipo de pagamento adiantado para libera\u00e7\u00e3o do empr\u00e9stimo contratado.[\/vc_column_text][\/vc_tta_section][\/vc_tta_accordion][vc_custom_heading text=&#8221;Consignado LOAS &#8211; BPC&#8221; font_container=&#8221;tag:h3|text_align:left&#8221; use_theme_fonts=&#8221;yes&#8221; css=&#8221;.vc_custom_1698777848765{margin-top: 50px !important;margin-bottom: 30px !important;}&#8221;][vc_column_text]<\/p>\n<p>Conhe\u00e7a o consignado INSS, LOAS, BPC na Din Din Cred. Com o consignado voc\u00ea consegue um cr\u00e9dito especial para aposentados, pensionistas e Representante Legal que recebem INSS ou LOAS, BPC na Din Din Cred. Voc\u00ea n\u00e3o precisa ter um bom score para conquistar esse cr\u00e9dito, j\u00e1 que n\u00e3o \u00e9 necess\u00e1rio nenhum hist\u00f3rico de cr\u00e9dito para conseguir a aprova\u00e7\u00e3o. O cr\u00e9dito consignado \u00e9 uma \u00f3tima op\u00e7\u00e3o para quem deseja ter maior controle financeiro, pois oferece menores juros e parcelas mais acess\u00edveis. Aproveite agora e pe\u00e7a o seu consignado INSS, LOAS, BPC na Din Din Cred.! Fa\u00e7a j\u00e1 a sua solicita\u00e7\u00e3o! Voc\u00ea pode solicitar pelo WhatsApp 67 99679-5145 Fazemos Digital para todo pa\u00eds.\u00a0 Temos varias op\u00e7\u00f5es de atendimento: Voc\u00ea pode vir a loja, nos chamar no tel 67 3027-3377. ou de todo pa\u00eds no 0800 130 3000. Nossa equipe est\u00e1 pronta para melhor lhe atender.[\/vc_column_text][\/vc_column][\/vc_row][vc_row full_width=&#8221;stretch_row&#8221; css=&#8221;.vc_custom_1485599202663{padding-top: 44px !important;padding-bottom: 44px !important;background-color: #f2f2f2 !important;}&#8221;][vc_column][stm_image_carousel grayscale=&#8221;yes&#8221; img_size=&#8221;180&#215;96&#8243; items_mobile=&#8221;2&#8243; images=&#8221;115,114,113,112,111,110&#8243; custom_links=&#8221;\/company-overview\/our-partners\/,\/company-overview\/our-partners\/,\/company-overview\/our-partners\/,\/company-overview\/our-partners\/,\/company-overview\/our-partners\/&#8221;][\/vc_column][\/vc_row][vc_row full_width=&#8221;stretch_row&#8221; el_class=&#8221;third_bg_color&#8221; css=&#8221;.vc_custom_1451889219674{margin-bottom: -60px !important;}&#8221;][vc_column][vc_cta h2=&#8221;n\u00e3o perca mais tempo e contrate o empr\u00e9stimo consignado na din din cred!&#8221; h2_font_container=&#8221;tag:h2|font_size:20px|text_align:left|color:%23000000|line_height:24px&#8221; h2_use_theme_fonts=&#8221;yes&#8221; shape=&#8221;square&#8221; style=&#8221;flat&#8221; add_button=&#8221;right&#8221; btn_title=&#8221;Contrate pelo Whats App&#8221; btn_style=&#8221;flat&#8221; btn_color=&#8221;theme_style_2&#8243; btn_align=&#8221;right&#8221; btn_i_align=&#8221;right&#8221; btn_i_icon_fontawesome=&#8221;stm-whatsapp&#8221; particles=&#8221;yes&#8221; use_custom_fonts_h2=&#8221;true&#8221; btn_button_block=&#8221;true&#8221; btn_add_icon=&#8221;true&#8221; el_class=&#8221;third_bg_color&#8221; css=&#8221;.vc_custom_1698778419733{margin-bottom: 0px !important;}&#8221; btn_link=&#8221;url:https%3A%2F%2Fwa.me%2F5567996795145|target:_blank&#8221;][\/vc_cta][\/vc_column][\/vc_row]<\/p>\n<\/section>","protected":false},"excerpt":{"rendered":"<p>[vc_row][vc_column][\/vc_column][\/vc_row][vc_row full_width=&#8221;stretch_row&#8221; css=&#8221;.vc_custom_1485516797007{margin-top: -75px !important;margin-bottom: 55px !important;padding-top: 81px !important;padding-bottom: 78px !important;background-color: #f2f2f2 !important;}&#8221;][vc_column width=&#8221;7\/12&#8243;][vc_column_text css=&#8221;.vc_custom_1698708470046{margin-bottom: 25px !important;}&#8221;] O empr\u00e9stimo consignado ao Benef\u00edcio de Presta\u00e7\u00e3o Continuada (BPC\/Loas) voltou a ser liberado ap\u00f3s uma decis\u00e3o un\u00e2nime do Supremo Tribunal Federal (STF). Agora, voc\u00ea pode contar com o cr\u00e9dito atrelado ao beneficio pago pelo Instituto Brasileiro do Seguro<\/p>\n","protected":false},"author":1,"featured_media":0,"parent":0,"menu_order":0,"comment_status":"closed","ping_status":"closed","template":"","meta":{"sfsi_plus_gutenberg_text_before_share":"","sfsi_plus_gutenberg_show_text_before_share":"","sfsi_plus_gutenberg_icon_type":"","sfsi_plus_gutenberg_icon_alignemt":"","sfsi_plus_gutenburg_max_per_row":"","footnotes":""},"class_list":["post-6266","page","type-page","status-publish","hentry"],"_links":{"self":[{"href":"https:\/\/dindincred.com.br\/index.php\/wp-json\/wp\/v2\/pages\/6266"}],"collection":[{"href":"https:\/\/dindincred.com.br\/index.php\/wp-json\/wp\/v2\/pages"}],"about":[{"href":"https:\/\/dindincred.com.br\/index.php\/wp-json\/wp\/v2\/types\/page"}],"author":[{"embeddable":true,"href":"https:\/\/dindincred.com.br\/index.php\/wp-json\/wp\/v2\/users\/1"}],"replies":[{"embeddable":true,"href":"https:\/\/dindincred.com.br\/index.php\/wp-json\/wp\/v2\/comments?post=6266"}],"version-history":[{"count":17,"href":"https:\/\/dindincred.com.br\/index.php\/wp-json\/wp\/v2\/pages\/6266\/revisions"}],"predecessor-version":[{"id":7936,"href":"https:\/\/dindincred.com.br\/index.php\/wp-json\/wp\/v2\/pages\/6266\/revisions\/7936"}],"wp:attachment":[{"href":"https:\/\/dindincred.com.br\/index.php\/wp-json\/wp\/v2\/media?parent=6266"}],"curies":[{"name":"wp","href":"https:\/\/api.w.org\/{rel}","templated":true}]}}