{"id":7442,"date":"2023-10-19T16:21:10","date_gmt":"2023-10-19T20:21:10","guid":{"rendered":"https:\/\/dindincred.com.br\/?page_id=7442"},"modified":"2023-11-08T13:27:22","modified_gmt":"2023-11-08T17:27:22","slug":"portabilidade","status":"publish","type":"page","link":"https:\/\/dindincred.com.br\/index.php\/portabilidade\/","title":{"rendered":"Portabilidade"},"content":{"rendered":"<section class=\"wpb-content-wrapper\"><p>[vc_row css=&#8221;.vc_custom_1452687555475{margin-bottom: 100px !important;}&#8221;][vc_column offset=&#8221;vc_col-lg-9 vc_col-md-9&#8243;][vc_single_image image=&#8221;8102&#8243; img_size=&#8221;large&#8221;][vc_custom_heading text=&#8221;Aproveite as vantagens da portabilidade consignado na Din Din Cred. Os melhores bancos em um s\u00f3 lugar! Aqui voc\u00ea tem as melhores condi\u00e7\u00f5es do mercado.&#8221; font_container=&#8221;tag:h3|text_align:left&#8221; use_theme_fonts=&#8221;yes&#8221;][vc_single_image image=&#8221;33&#8243; img_size=&#8221;stm-image-1110&#215;550-croped&#8221; css=&#8221;.vc_custom_1452755083469{margin-bottom: 45px !important;}&#8221;][vc_custom_heading source=&#8221;post_title&#8221; use_theme_fonts=&#8221;yes&#8221;][vc_column_text css=&#8221;.vc_custom_1699458837934{margin-bottom: 25px !important;}&#8221;]Descubra a portabilidade consignado para saber como tirar o melhor proveito do seu dinheiro. Quer entender mais sobre o assunto? Descubra tudo o que precisa saber sobre a portabilidade consignado![\/vc_column_text][vc_column_text css=&#8221;.vc_custom_1699460468443{margin-bottom: 34px !important;}&#8221;]Portabilidade de cr\u00e9dito \u00e9 a transfer\u00eancia de um empr\u00e9stimo de uma institui\u00e7\u00e3o financeira para outra institui\u00e7\u00e3o financeira, mediante solicita\u00e7\u00e3o escrita do cliente pessoa f\u00edsica sem libera\u00e7\u00e3o de novos recursos.[\/vc_column_text][vc_row_inner css=&#8221;.vc_custom_1456219515168{margin-bottom: 27px !important;}&#8221;][vc_column_inner width=&#8221;1\/2&#8243;][vc_single_image image=&#8221;8104&#8243; img_size=&#8221;large&#8221;][vc_custom_heading text=&#8221;Traga seus consignados para a Din Din Cred&#8221; font_container=&#8221;tag:h4|text_align:left|color:%23222222&#8243; use_theme_fonts=&#8221;yes&#8221; css=&#8221;.vc_custom_1699460753097{margin-bottom: 27px !important;}&#8221;][vc_column_text]Consulte seu saldo devedor, e descontos de seus empr\u00e9stimos, e traga para as menores taxas hoje! Chame a Din Din Cred no WhatsApp.[\/vc_column_text][\/vc_column_inner][vc_column_inner width=&#8221;1\/2&#8243;][vc_custom_heading text=&#8221;Portabilidade com mais dinheiro pra voc\u00ea!&#8221; font_container=&#8221;tag:h4|text_align:left|color:%23222222&#8243; use_theme_fonts=&#8221;yes&#8221; css=&#8221;.vc_custom_1699460699074{margin-bottom: 23px !important;}&#8221;][vc_column_text]<\/p>\n<p class=\"titulo-principal mb-2\">Fa\u00e7a portabilidade e aproveite os benef\u00edcios na Din Din Cred.<\/p>\n<ul>\n<li>Fa\u00e7a a\u00a0Portabilidade\u00a0do Seu\u00a0Consignado Sem Sair de Casa, Fa\u00e7a pelo WhatsApp, online para todo pa\u00eds<\/li>\n<li>Portabilidade Com Troco \u00e9 na Din Din Cred &#8211; O Maior Troco do Mercado.<\/li>\n<li>Na Din Din Cred Consignado\u00a0\u00e9 poss\u00edvel fazer a\u00a0portabilidade\u00a0pela internet. \u00c9 seguro e 100%<\/li>\n<li>J\u00e1 Pensou em Trocar um Consignado Caro por um Mais Barato? \u00a0Na Din Din Cred Voc\u00ea Pode.<\/li>\n<li>Fa\u00e7a a portabilidade do seu empr\u00e9stimo consignado atual aproveitando as menores taxas.<\/li>\n<\/ul>\n<p>[\/vc_column_text][\/vc_column_inner][\/vc_row_inner][vc_custom_heading text=&#8221;Entenda como funciona a portabilidade de consignado com troco&#8221; font_container=&#8221;tag:h4|text_align:left|color:%23222222&#8243; use_theme_fonts=&#8221;yes&#8221; css=&#8221;.vc_custom_1699461351763{margin-bottom: 31px !important;}&#8221;][vc_tta_accordion shape=&#8221;square&#8221; c_position=&#8221;right&#8221; active_section=&#8221;1&#8243; css=&#8221;.vc_custom_1456219636222{margin-bottom: 34px !important;}&#8221;][vc_tta_section title=&#8221;A portabilidade do consignado \u00e9 um direito dos consumidores.&#8221; tab_id=&#8221;1452765420119-d4dfaf69-4fae&#8221;][vc_column_text]A\u00a0<b>portabilidade do consignado<\/b>\u00a0\u00e9 um direito dos consumidores. Essa modalidade de cr\u00e9dito possibilita realizar a transfer\u00eancia do contrato de empr\u00e9stimo\u00a0<b>consignado<\/b>\u00a0acordado para outra institui\u00e7\u00e3o financeira, com melhores condi\u00e7\u00f5es e taxas de pagamento[\/vc_column_text][\/vc_tta_section][vc_tta_section title=&#8221;Qual o melhor banco para fazer portabilidade de consignado do INSS?&#8221; tab_id=&#8221;1452765443215-63a10c55-a5ef&#8221;][vc_column_text]&nbsp;<\/p>\n<p>O melhor banco para fazer a portabilidade de consignado \u00e9 aquele que oferece as melhores vantagens. Por isso, para ajudar voc\u00ea a economizar tempo e dinheiro, A Din Din cred trabalha com os melhores bancos do mercado, para que voc\u00ea possa escolher o banco certo para fazer a portabilidade.[\/vc_column_text][\/vc_tta_section][vc_tta_section title=&#8221;Qual banco faz portabilidade de consignado com troco?&#8221; tab_id=&#8221;1452765442453-b921a1fb-6ec8&#8243;][vc_column_text]Descubra qual banco oferece a melhor portabilidade de consignado com troco! Na Din Din Cred tem a melhor portabilidade de consignado com troco e fa\u00e7a o melhor neg\u00f3cio! Aproveite e fa\u00e7a sua portabilidade agora mesmo![\/vc_column_text][\/vc_tta_section][vc_tta_section title=&#8221;Portabilidade de consignado com troco online&#8221; tab_id=&#8221;1699462098348-d7642182-cbe0&#8243;][vc_column_text]Aproveite a facilidade da portabilidade de consignado com troco online na Din Din Cred! Com o nosso servi\u00e7o, voc\u00ea consegue economizar tempo e dinheiro. Fa\u00e7a a portabilidade de seu consignado sem sair de casa e com toda a seguran\u00e7a! Aproveite j\u00e1: solicite a portabilidade de seu consignado com troco online pelo WhatsApp!<\/p>\n<p>&nbsp;<\/p>\n<p>&nbsp;[\/vc_column_text][\/vc_tta_section][vc_tta_section title=&#8221;Quais s\u00e3o as informa\u00e7\u00f5es necess\u00e1rias para iniciar o processo de portabilidade?&#8221; tab_id=&#8221;1699464060364-a9902e2f-defe&#8221;][vc_column_text]<\/p>\n<ul>\n<li>N\u00ba de contrato<\/li>\n<li>Saldo devedor atualizado<\/li>\n<li>Demonstrativo da evolu\u00e7\u00e3o do saldo devedor<\/li>\n<li>Modalidade<\/li>\n<li>Taxa de juros<\/li>\n<li>Prazo total e remanescente<\/li>\n<li>Sistema de pagamento<\/li>\n<li>Valor de cada presta\u00e7\u00e3o<\/li>\n<li>Data do \u00faltimo vencimento da opera\u00e7\u00e3o<\/li>\n<\/ul>\n<p>[\/vc_column_text][\/vc_tta_section][vc_tta_section title=&#8221;Din Din Cred \u00e9 confi\u00e1vel?&#8221; tab_id=&#8221;1699464376515-51d15f1f-859c&#8221;][vc_column_text]Din Din Cred \u00e9 confi\u00e1vel?<\/p>\n<p>Conhe\u00e7a a Din Din Cred! CNPJ 11395697000163. A Din Din Cred \u00e9 Correspondente Banc\u00e1rio dos Melhores bancos do pa\u00eds, desde 2004, A Din Din Cred est\u00e1 a 19 anos aqui em Campo Grande a Rua 13 de Maio, 2310. N\u00e3o tem filiais, nem representante. Din Din Cred \u00e9 marca registrada. Portanto s\u00f3 existe esta!<\/p>\n<p>Din Din Cred nas redes sociais:\u00a0<a href=\"https:\/\/www.facebook.com\/dindincred\">Facebook<\/a>,\u00a0<a href=\"https:\/\/www.instagram.com\/dindincred\">Instagram<\/a>,\u00a0<a href=\"https:\/\/twitter.com\/dindincred\">Twitter<\/a>,\u00a0<a href=\"https:\/\/br.linkedin.com\/company\/din-din-cred\">Linkedin,<\/a>\u00a0<a href=\"https:\/\/www.youtube.com\/dindincred\">Youtube<\/a>[\/vc_column_text][\/vc_tta_section][\/vc_tta_accordion][vc_row_inner][vc_column_inner width=&#8221;1\/2&#8243;][vc_custom_heading text=&#8221;Voc\u00ea pode fazer portabilidade consignado!&#8221; font_container=&#8221;tag:h4|text_align:left|color:%23222222&#8243; use_theme_fonts=&#8221;yes&#8221; css=&#8221;.vc_custom_1699463317408{margin-bottom: 23px !important;}&#8221;][vc_column_text css=&#8221;.vc_custom_1699463274554{margin-bottom: 20px !important;}&#8221;]<\/p>\n<blockquote>\n<p>O cliente tem a possibilidade de transferir a d\u00edvida de um empr\u00e9stimo ou financiamento contratado em uma determinada institui\u00e7\u00e3o financeira para outra.<\/p>\n<p>Caso o cliente queira fazer a portabilidade de seus contratos para outro banco \u00e9 necess\u00e1rio ir at\u00e9 o banco ou ag\u00eancia onde fez o empr\u00e9stimo para solicitar o saldo devedor e os dados do contrato, conforme estabelece a Resolu\u00e7\u00e3o 4.292, do Bacen.<\/p>\n<\/blockquote>\n<p>[\/vc_column_text][vc_column_text]<\/p>\n<ul>\n<li><strong>Quem pode solicitar a portabilidade de cr\u00e9dito? &#8211; <\/strong>Qualquer cliente pessoa f\u00edsica que tenha uma opera\u00e7\u00e3o de cr\u00e9dito consignado vigente. Chame a Din Din Cred para conhecer mais.<\/li>\n<li><strong>Benefici\u00e1rios do INSS podem efetuar portabilidade de cr\u00e9dito?<\/strong> &#8211; Sim, todos os benefici\u00e1rios do INSS, LOAS, BPC podem efetuar portabilidade de cr\u00e9dito.<\/li>\n<\/ul>\n<p>[\/vc_column_text][\/vc_column_inner][vc_column_inner width=&#8221;1\/2&#8243;][vc_custom_heading text=&#8221;Chame agora mesmo e economize:<br \/>\nCom a mesma parcela que voc\u00ea paga hoje, voc\u00ea pode ter mais dinheiro!&#8221; font_container=&#8221;tag:h4|text_align:left|color:%23222222&#8243; use_theme_fonts=&#8221;yes&#8221; css=&#8221;.vc_custom_1699463235913{margin-bottom: 20px !important;}&#8221;][vc_column_text]<\/p>\n<ul>\n<li><strong>Qual o prazo para a efetiva\u00e7\u00e3o de uma portabilidade de cr\u00e9dito? &#8211; <\/strong>O prazo para conclus\u00e3o de uma portabilidade \u00e9 de at\u00e9 5 dias \u00fateis.<\/li>\n<\/ul>\n<p>[\/vc_column_text][vc_single_image image=&#8221;8111&#8243; img_size=&#8221;large&#8221;][\/vc_column_inner][\/vc_row_inner][\/vc_column][vc_column width=&#8221;1\/4&#8243; offset=&#8221;vc_hidden-sm vc_hidden-xs&#8221;][stm_sidebar sidebar=&#8221;577&#8243;][\/vc_column][\/vc_row][vc_row full_width=&#8221;stretch_row&#8221; el_class=&#8221;third_bg_color&#8221; css=&#8221;.vc_custom_1699457131661{margin-bottom: -60px !important;background-color: #fe5000 !important;}&#8221;][vc_column css=&#8221;.vc_custom_1699457092776{background-color: #fe5000 !important;}&#8221;][vc_cta h2=&#8221;Solicite a Portabilidade de seu Consignado agora na Din Din Cred&#8221; h2_font_container=&#8221;tag:h3|font_size:20px|text_align:center|color:%23ffffff|line_height:24px&#8221; h2_use_theme_fonts=&#8221;yes&#8221; shape=&#8221;square&#8221; style=&#8221;flat&#8221; add_button=&#8221;right&#8221; btn_title=&#8221;Solicite Pelo WhatsApp&#8221; btn_style=&#8221;flat&#8221; btn_color=&#8221;theme_style_2&#8243; btn_align=&#8221;right&#8221; btn_i_align=&#8221;right&#8221; btn_i_icon_fontawesome=&#8221;stm-whatsapp&#8221; particles=&#8221;yes&#8221; use_custom_fonts_h2=&#8221;true&#8221; btn_button_block=&#8221;true&#8221; btn_add_icon=&#8221;true&#8221; el_class=&#8221;third_bg_color&#8221; css=&#8221;.vc_custom_1699457440779{margin-bottom: 0px !important;background-color: #fe5000 !important;}&#8221; btn_link=&#8221;url:https%3A%2F%2Fwa.me%2F5567996795145|target:_blank&#8221;][\/vc_cta][\/vc_column][\/vc_row]<\/p>\n<\/section>","protected":false},"excerpt":{"rendered":"<p>[vc_row css=&#8221;.vc_custom_1452687555475{margin-bottom: 100px !important;}&#8221;][vc_column offset=&#8221;vc_col-lg-9 vc_col-md-9&#8243;][vc_single_image image=&#8221;8102&#8243; img_size=&#8221;large&#8221;][vc_custom_heading text=&#8221;Aproveite as vantagens da portabilidade consignado na Din Din Cred. Os melhores bancos em um s\u00f3 lugar! Aqui voc\u00ea tem as melhores condi\u00e7\u00f5es do mercado.&#8221; font_container=&#8221;tag:h3|text_align:left&#8221; use_theme_fonts=&#8221;yes&#8221;][vc_single_image image=&#8221;33&#8243; img_size=&#8221;stm-image-1110&#215;550-croped&#8221; css=&#8221;.vc_custom_1452755083469{margin-bottom: 45px !important;}&#8221;][vc_custom_heading source=&#8221;post_title&#8221; use_theme_fonts=&#8221;yes&#8221;][vc_column_text css=&#8221;.vc_custom_1699458837934{margin-bottom: 25px !important;}&#8221;]Descubra a portabilidade consignado para saber como tirar o melhor proveito<\/p>\n","protected":false},"author":1,"featured_media":0,"parent":0,"menu_order":0,"comment_status":"closed","ping_status":"closed","template":"","meta":{"sfsi_plus_gutenberg_text_before_share":"","sfsi_plus_gutenberg_show_text_before_share":"","sfsi_plus_gutenberg_icon_type":"","sfsi_plus_gutenberg_icon_alignemt":"","sfsi_plus_gutenburg_max_per_row":"","footnotes":""},"class_list":["post-7442","page","type-page","status-publish","hentry"],"_links":{"self":[{"href":"https:\/\/dindincred.com.br\/index.php\/wp-json\/wp\/v2\/pages\/7442"}],"collection":[{"href":"https:\/\/dindincred.com.br\/index.php\/wp-json\/wp\/v2\/pages"}],"about":[{"href":"https:\/\/dindincred.com.br\/index.php\/wp-json\/wp\/v2\/types\/page"}],"author":[{"embeddable":true,"href":"https:\/\/dindincred.com.br\/index.php\/wp-json\/wp\/v2\/users\/1"}],"replies":[{"embeddable":true,"href":"https:\/\/dindincred.com.br\/index.php\/wp-json\/wp\/v2\/comments?post=7442"}],"version-history":[{"count":27,"href":"https:\/\/dindincred.com.br\/index.php\/wp-json\/wp\/v2\/pages\/7442\/revisions"}],"predecessor-version":[{"id":8125,"href":"https:\/\/dindincred.com.br\/index.php\/wp-json\/wp\/v2\/pages\/7442\/revisions\/8125"}],"wp:attachment":[{"href":"https:\/\/dindincred.com.br\/index.php\/wp-json\/wp\/v2\/media?parent=7442"}],"curies":[{"name":"wp","href":"https:\/\/api.w.org\/{rel}","templated":true}]}}