{"id":7937,"date":"2023-10-31T22:03:53","date_gmt":"2023-11-01T02:03:53","guid":{"rendered":"https:\/\/dindincred.com.br\/?page_id=7937"},"modified":"2023-11-03T22:18:53","modified_gmt":"2023-11-04T02:18:53","slug":"servidor-federal","status":"publish","type":"page","link":"https:\/\/dindincred.com.br\/index.php\/servidor-federal\/","title":{"rendered":"Servidor Federal"},"content":{"rendered":"<section class=\"wpb-content-wrapper\"><p>[vc_row css=&#8221;.vc_custom_1452687555475{margin-bottom: 100px !important;}&#8221;][vc_column width=&#8221;3\/4&#8243; offset=&#8221;vc_col-lg-9 vc_col-md-9&#8243;][vc_single_image image=&#8221;7948&#8243; img_size=&#8221;large&#8221; alignment=&#8221;right&#8221;][vc_column_text]<\/p>\n<h2>Consignado para voc\u00ea servidor p\u00fablico federal!<\/h2>\n<p>Voc\u00ea sabe o qu\u00e3o importante \u00e9 ter acesso a vantagens e melhores condi\u00e7\u00f5es de consignado para realizar seus sonhos? Se voc\u00ea estiver interessado em descobrir como podem usufruir dessas vantagens, Venha para a Din Din Cred.<\/p>\n<p>N\u00f3s somos especialistas em fornecer servi\u00e7os de melhor atendimento para o servidor p\u00fablico federal. Oferecemos melhores bancos e condi\u00e7\u00f5es,\u00a0 vantagens que podem ser aproveitados por voc\u00eas.<\/p>\n<p>N\u00e3o fique para tr\u00e1s! Aproveite todas as vantagens que temos para oferecer. Entre em contato conosco agora pelo WhatsApp 67 99679-5145 para saber mais sobre como voc\u00ea pode usufruir de nossos servi\u00e7os e vantagens! Aproveite hoje mesmo essas oportunidades![\/vc_column_text][vc_column_text]<\/p>\n<h2>Vantagens para o Servido P\u00fablico Federal<\/h2>\n<ul>\n<li>A Din Din Cred tem taxas especiais para o Servidor P\u00fablico Federal, SIAPE na contrata\u00e7\u00e3o de Cr\u00e9dito consignado. Consulte as condi\u00e7\u00f5es e aproveite. Empr\u00e9stimo Consignado.<\/li>\n<li>Est\u00e1 precisando de cr\u00e9dito consignado sem burocracia? N\u00f3s aqui da Din Din Cred temos o que voc\u00ea precisa! Oferecemos cr\u00e9dito consignado sem SPC ou Serasa, e tudo sem complica\u00e7\u00f5es. O processo \u00e9 r\u00e1pido e f\u00e1cil, e voc\u00ea pode usar o cr\u00e9dito para o que quiser! Aproveite essa oportunidade e fa\u00e7a seu cr\u00e9dito consignado com a gente! Pegue j\u00e1 o seu, \u00e9 simples e r\u00e1pido! Aproveite agora!<\/li>\n<li>Fa\u00e7a empr\u00e9stimo consignado com seguran\u00e7a! Fa\u00e7a agora um empr\u00e9stimo consignado e desfrute dos benef\u00edcios do desconto na folha de pagamento. Aproveite as vantagens e fa\u00e7a sua vida mais pr\u00e1tica! Experimente j\u00e1!<\/li>\n<li>Gostaria de ter acesso a mais dinheiro para realizar os seus sonhos? Ent\u00e3o, consulte a sua margem consign\u00e1vel e venha fazer seu empr\u00e9stimo agora mesmo! Aproveite as vantagens exclusivas que s\u00f3 nossa empresa oferece e entre em contato conosco para saber mais. Consulte sua margem e venha fazer seu empr\u00e9stimo consignado AGORA!<\/li>\n<li>Descubra os melhores bancos em um s\u00f3 lugar! Estamos falando de todas as possibilidades que voc\u00ea tem para fazer seu consignado, desde empr\u00e9stimo consignado, cart\u00e3o consignado, \u00e9 dinheiro e muito mais.<\/li>\n<li>N\u00e3o importa qual seja a sua necessidade financeira, n\u00f3s temos o melhor banco para voc\u00ea. Aproveite para comparar as melhores ofertas, taxas e servi\u00e7os, tudo em um s\u00f3 lugar.<\/li>\n<li>N\u00e3o perca mais tempo, venha conferir nossas oportunidades! Experimente os melhores bancos agora mesmo! Clique aqui para descobrir!<\/li>\n<li>Confuso com tantas ofertas de bancos? Venha para a Din Din Cred e tenha as melhores op\u00e7\u00f5es de bancos em um s\u00f3 lugar! N\u00e3o perca tempo e economize dinheiro com nossos servi\u00e7os. Venha para a Din Din Cred e tenha a melhor experi\u00eancia em consignados! Vem agora! Chame no Whats App.<\/li>\n<\/ul>\n<p>[\/vc_column_text][\/vc_column][vc_column width=&#8221;1\/4&#8243; offset=&#8221;vc_hidden-sm vc_hidden-xs&#8221;][stm_sidebar sidebar=&#8221;573&#8243;][\/vc_column][\/vc_row][vc_row full_width=&#8221;stretch_row&#8221; el_class=&#8221;third_bg_color&#8221; css=&#8221;.vc_custom_1451889219674{margin-bottom: -60px !important;}&#8221;][vc_column][vc_cta h2=&#8221;Looking for a First-Class Business Plan Consultant?&#8221; h2_font_container=&#8221;font_size:20px|color:%23000000|line_height:24px&#8221; h2_use_theme_fonts=&#8221;yes&#8221; shape=&#8221;square&#8221; style=&#8221;flat&#8221; add_button=&#8221;right&#8221; btn_title=&#8221;get a quote&#8221; btn_style=&#8221;flat&#8221; btn_color=&#8221;theme_style_2&#8243; btn_align=&#8221;right&#8221; btn_i_align=&#8221;right&#8221; btn_i_icon_fontawesome=&#8221;fa fa-chevron-right&#8221; particles=&#8221;yes&#8221; use_custom_fonts_h2=&#8221;true&#8221; btn_button_block=&#8221;true&#8221; btn_add_icon=&#8221;true&#8221; el_class=&#8221;third_bg_color&#8221; css=&#8221;.vc_custom_1495692926923{margin-bottom: 0px !important;}&#8221;][\/vc_cta][\/vc_column][\/vc_row]<\/p>\n<\/section>","protected":false},"excerpt":{"rendered":"<p>[vc_row css=&#8221;.vc_custom_1452687555475{margin-bottom: 100px !important;}&#8221;][vc_column width=&#8221;3\/4&#8243; offset=&#8221;vc_col-lg-9 vc_col-md-9&#8243;][vc_single_image image=&#8221;7948&#8243; img_size=&#8221;large&#8221; alignment=&#8221;right&#8221;][vc_column_text] Consignado para voc\u00ea servidor p\u00fablico federal! Voc\u00ea sabe o qu\u00e3o importante \u00e9 ter acesso a vantagens e melhores condi\u00e7\u00f5es de consignado para realizar seus sonhos? Se voc\u00ea estiver interessado em descobrir como podem usufruir dessas vantagens, Venha para a Din Din Cred. N\u00f3s somos especialistas<\/p>\n","protected":false},"author":1,"featured_media":0,"parent":0,"menu_order":0,"comment_status":"closed","ping_status":"closed","template":"","meta":{"sfsi_plus_gutenberg_text_before_share":"","sfsi_plus_gutenberg_show_text_before_share":"","sfsi_plus_gutenberg_icon_type":"","sfsi_plus_gutenberg_icon_alignemt":"","sfsi_plus_gutenburg_max_per_row":"","footnotes":""},"class_list":["post-7937","page","type-page","status-publish","hentry"],"_links":{"self":[{"href":"https:\/\/dindincred.com.br\/index.php\/wp-json\/wp\/v2\/pages\/7937"}],"collection":[{"href":"https:\/\/dindincred.com.br\/index.php\/wp-json\/wp\/v2\/pages"}],"about":[{"href":"https:\/\/dindincred.com.br\/index.php\/wp-json\/wp\/v2\/types\/page"}],"author":[{"embeddable":true,"href":"https:\/\/dindincred.com.br\/index.php\/wp-json\/wp\/v2\/users\/1"}],"replies":[{"embeddable":true,"href":"https:\/\/dindincred.com.br\/index.php\/wp-json\/wp\/v2\/comments?post=7937"}],"version-history":[{"count":7,"href":"https:\/\/dindincred.com.br\/index.php\/wp-json\/wp\/v2\/pages\/7937\/revisions"}],"predecessor-version":[{"id":7984,"href":"https:\/\/dindincred.com.br\/index.php\/wp-json\/wp\/v2\/pages\/7937\/revisions\/7984"}],"wp:attachment":[{"href":"https:\/\/dindincred.com.br\/index.php\/wp-json\/wp\/v2\/media?parent=7937"}],"curies":[{"name":"wp","href":"https:\/\/api.w.org\/{rel}","templated":true}]}}