{"id":7939,"date":"2023-10-31T22:03:11","date_gmt":"2023-11-01T02:03:11","guid":{"rendered":"https:\/\/dindincred.com.br\/?page_id=7939"},"modified":"2023-11-03T23:34:29","modified_gmt":"2023-11-04T03:34:29","slug":"marinha","status":"publish","type":"page","link":"https:\/\/dindincred.com.br\/index.php\/marinha\/","title":{"rendered":"Marinha"},"content":{"rendered":"<section class=\"wpb-content-wrapper\"><p>[vc_row][vc_column][vc_column_text]teste<\/p>\n<p>[\/vc_column_text][\/vc_column][\/vc_row][vc_row css=&#8221;.vc_custom_1452687555475{margin-bottom: 100px !important;}&#8221;][vc_column offset=&#8221;vc_col-lg-9 vc_col-md-9&#8243;][vc_single_image image=&#8221;7963&#8243; img_size=&#8221;large&#8221;][vc_column_text]&nbsp;<\/p>\n<p>Descubra como ter acesso a empr\u00e9stimos consignados com a Din Din Cred, para militares da Marinha, ativo, inativos, aposentados, pensionistas das for\u00e7as armadas. N\u00e3o perca mais tempo e veja como a Din Din Cred pode ajudar voc\u00ea a realizar seus sonhos. Aproveite a facilidade de um empr\u00e9stimo consignado, seguro e com taxas baixas para voc\u00ea! Acesse agora e saiba como ter acesso a empr\u00e9stimos consignados com a Din Din Cred para militares da Marinha. Aproveite![\/vc_column_text][vc_column_text]<\/p>\n<h2>descubra como ter acesso a empr\u00e9stimos consignados com a din din cred, para militares ativo, inativos, aposentados e pensionistas das for\u00e7as armadas. economize tempo e dinheiro com a din din cred.<\/h2>\n<p>Obtenha o empr\u00e9stimo que voc\u00ea precisa! Aproveite os benef\u00edcios exclusivos para militares e aproveite a facilidade de solicitar empr\u00e9stimos consignados com a Din Din Cred. N\u00e3o perca tempo! Descubra agora como ter acesso \u00e0s melhores solu\u00e7\u00f5es de empr\u00e9stimos consignados para militares! Clique aqui e descubra agora como ter acesso a empr\u00e9stimos consignados com a Din Din Cred!<\/p>\n<p>[\/vc_column_text][vc_column_text]<\/p>\n<h2>aproveite os benef\u00edcios e fa\u00e7a agora seu empr\u00e9stimo consignado for\u00e7as armadas!<\/h2>\n<ul>\n<li>Empr\u00e9stimo Consignado para\u00a0 Militares da Marinha e Aeron\u00e1utica ativos, inativos e pensionistas! Oferecemos empr\u00e9stimos com taxas de juros reduzidas especialmente para voc\u00eas. Aproveite a oportunidade e aproveite as taxas reduzidas. Desfrute de menos preocupa\u00e7\u00f5es financeiras! N\u00e3o perca esta grande oportunidade! Aproveite j\u00e1!<\/li>\n<li>Voc\u00ea j\u00e1 sabe que o Cr\u00e9dito consignado \u00e9 destinado a Militares e Pensionistas das For\u00e7as Armadas? Aproveite essa vantagem exclusiva e realize seus sonhos! Obtenha o melhor dos financiamentos com a tranquilidade que s\u00f3 o Cr\u00e9dito consignado garante. Chame no WhatsApp e saiba mais!<\/li>\n<li>\u00a0Descubra como \u00e9 mais f\u00e1cil de realizar um sonho ou organizar o or\u00e7amento. N\u00e3o importa que sonho voc\u00ea tem ou como est\u00e1 sua vida financeira, voc\u00ea pode organizar seu or\u00e7amento e realizar seu sonho com facilidade. Com o consignado, voc\u00ea aprende a fazer planejamento financeiro para atingir o que deseja. Comece hoje mesmo a realizar seu sonho e organizar o or\u00e7amento. Chame no Whats App e descubra como!<\/li>\n<li>Descubra o que \u00e9 o cr\u00e9dito consignado para militares e aproveite as suas vantagens!<\/li>\n<li>\u00a0O Cr\u00e9dito Consignado para Militares \u00e9 uma modalidade de empr\u00e9stimo destinada exclusivamente a aposentados e pensionistas da Marinha, Ex\u00e9rcito e Aeron\u00e1utica. Por conta disso, \u00e9 necess\u00e1rio que o solicitante forne\u00e7a alguns documentos para comprova\u00e7\u00e3o.<\/li>\n<li>\u00a0Esse tipo de cr\u00e9dito \u00e9 conhecido por oferecer taxas de juros menores e prazos mais longos para pagamento do que os demais tipos de empr\u00e9stimo. Al\u00e9m disso, o processo de aprova\u00e7\u00e3o costuma ser mais r\u00e1pido.<\/li>\n<li>\u00a0Aproveite as vantagens do Cr\u00e9dito Consignado para Militares e fa\u00e7a o seu empr\u00e9stimo agora mesmo!<\/li>\n<li>Voc\u00ea militar, descubra as in\u00fameras vantagens que o cr\u00e9dito consignado oferece para voc\u00ea!<\/li>\n<li>\u00a0O cr\u00e9dito consignado \u00e9 uma das principais modalidades de cr\u00e9dito para militares. Com ele, voc\u00ea pode contar com taxas de juros mais baixas, car\u00eancia de tr\u00eas meses para come\u00e7ar a pagar e um limite aprovado de acordo com a sua real necessidade. Al\u00e9m disso, n\u00e3o \u00e9 necess\u00e1rio comprova\u00e7\u00e3o de renda, e voc\u00ea pode contar com parcelas fixas em sua folha de pagamento.<\/li>\n<li>\u00a0e essas e outras vantagens que o cr\u00e9dito consignado oferece para voc\u00ea, militar! Chame no Whats App e saiba mais agora.<\/li>\n<li>Est\u00e1 precisando de cr\u00e9dito mas n\u00e3o sabe como obt\u00ea-lo?<\/li>\n<li>O cr\u00e9dito consignado \u00e9 a solu\u00e7\u00e3o ideal para quem deseja se organizar financeiramente! \u00c9 um empr\u00e9stimo com taxas de juros mais baixas, al\u00e9m de contar com a seguran\u00e7a e rapidez que s\u00f3 uma institui\u00e7\u00e3o financeira oferece.<\/li>\n<li>Descubra como obter o cr\u00e9dito consignado na Din Din Cred e entenda como esse tipo de financiamento pode lhe ajudar! Chame\u00a0 agora no Whats App para obter o seu cr\u00e9dito consignado!<\/li>\n<\/ul>\n<p>[\/vc_column_text][\/vc_column][vc_column width=&#8221;1\/4&#8243; offset=&#8221;vc_hidden-sm vc_hidden-xs&#8221;][stm_sidebar sidebar=&#8221;573&#8243;][\/vc_column][\/vc_row][vc_row full_width=&#8221;stretch_row&#8221; el_class=&#8221;third_bg_color&#8221; css=&#8221;.vc_custom_1451889219674{margin-bottom: -60px !important;}&#8221;][vc_column][vc_cta h2=&#8221;Looking for a First-Class Business Plan Consultant?&#8221; h2_font_container=&#8221;font_size:20px|color:%23000000|line_height:24px&#8221; h2_use_theme_fonts=&#8221;yes&#8221; shape=&#8221;square&#8221; style=&#8221;flat&#8221; add_button=&#8221;right&#8221; btn_title=&#8221;get a quote&#8221; btn_style=&#8221;flat&#8221; btn_color=&#8221;theme_style_2&#8243; btn_align=&#8221;right&#8221; btn_i_align=&#8221;right&#8221; btn_i_icon_fontawesome=&#8221;fa fa-chevron-right&#8221; particles=&#8221;yes&#8221; use_custom_fonts_h2=&#8221;true&#8221; btn_button_block=&#8221;true&#8221; btn_add_icon=&#8221;true&#8221; el_class=&#8221;third_bg_color&#8221; css=&#8221;.vc_custom_1495692926923{margin-bottom: 0px !important;}&#8221;][\/vc_cta][\/vc_column][\/vc_row]<\/p><\/section>","protected":false},"excerpt":{"rendered":"<p>[vc_row][vc_column][vc_column_text]teste [\/vc_column_text][\/vc_column][\/vc_row][vc_row css=&#8221;.vc_custom_1452687555475{margin-bottom: 100px !important;}&#8221;][vc_column offset=&#8221;vc_col-lg-9 vc_col-md-9&#8243;][vc_single_image image=&#8221;7963&#8243; img_size=&#8221;large&#8221;][vc_column_text]&nbsp; Descubra como ter acesso a empr\u00e9stimos consignados com a Din Din Cred, para militares da Marinha, ativo, inativos, aposentados, pensionistas das for\u00e7as armadas. N\u00e3o perca mais tempo e veja como a Din Din Cred pode ajudar voc\u00ea a realizar seus sonhos. Aproveite a facilidade de um<\/p>\n","protected":false},"author":1,"featured_media":0,"parent":0,"menu_order":0,"comment_status":"closed","ping_status":"closed","template":"","meta":{"sfsi_plus_gutenberg_text_before_share":"","sfsi_plus_gutenberg_show_text_before_share":"","sfsi_plus_gutenberg_icon_type":"","sfsi_plus_gutenberg_icon_alignemt":"","sfsi_plus_gutenburg_max_per_row":"","footnotes":""},"class_list":["post-7939","page","type-page","status-publish","hentry"],"_links":{"self":[{"href":"https:\/\/dindincred.com.br\/index.php\/wp-json\/wp\/v2\/pages\/7939"}],"collection":[{"href":"https:\/\/dindincred.com.br\/index.php\/wp-json\/wp\/v2\/pages"}],"about":[{"href":"https:\/\/dindincred.com.br\/index.php\/wp-json\/wp\/v2\/types\/page"}],"author":[{"embeddable":true,"href":"https:\/\/dindincred.com.br\/index.php\/wp-json\/wp\/v2\/users\/1"}],"replies":[{"embeddable":true,"href":"https:\/\/dindincred.com.br\/index.php\/wp-json\/wp\/v2\/comments?post=7939"}],"version-history":[{"count":5,"href":"https:\/\/dindincred.com.br\/index.php\/wp-json\/wp\/v2\/pages\/7939\/revisions"}],"predecessor-version":[{"id":7993,"href":"https:\/\/dindincred.com.br\/index.php\/wp-json\/wp\/v2\/pages\/7939\/revisions\/7993"}],"wp:attachment":[{"href":"https:\/\/dindincred.com.br\/index.php\/wp-json\/wp\/v2\/media?parent=7939"}],"curies":[{"name":"wp","href":"https:\/\/api.w.org\/{rel}","templated":true}]}}