{"id":8021,"date":"2023-11-06T20:59:10","date_gmt":"2023-11-07T00:59:10","guid":{"rendered":"https:\/\/dindincred.com.br\/?page_id=8021"},"modified":"2023-11-08T10:50:24","modified_gmt":"2023-11-08T14:50:24","slug":"cartao-beneficio4","status":"publish","type":"page","link":"https:\/\/dindincred.com.br\/index.php\/cartao-beneficio4\/","title":{"rendered":"Cart\u00e3o Beneficio"},"content":{"rendered":"<section class=\"wpb-content-wrapper\"><p>[vc_row full_width=&#8221;stretch_row&#8221; css=&#8221;.vc_custom_1598350241852{padding-top: 100px !important;}&#8221;][vc_column width=&#8221;1\/12&#8243;][\/vc_column][vc_column width=&#8221;5\/6&#8243;][vc_single_image image=&#8221;8009&#8243; img_size=&#8221;large&#8221;][vc_custom_heading stripe_pos=&#8221;hide&#8221; stm_title_font_weight=&#8221;400&#8243; text=&#8221;DINHEIRO A MAIS, TAXAS A MENOS PARA APOSENTADOS E PENSIONISTAS DO INSS E SERVIDORES P\u00daBLICOS.&#8221; font_container=&#8221;tag:p|font_size:30px|text_align:center|line_height:44px&#8221; use_theme_fonts=&#8221;yes&#8221; css=&#8221;.vc_custom_1699386925665{margin-bottom: 65px !important;}&#8221;][\/vc_column][vc_column width=&#8221;1\/12&#8243;][\/vc_column][\/vc_row][vc_row][vc_column][vc_column_text]Voc\u00ea quer ter acesso a dinheiro ou cr\u00e9dito que precisa? Est\u00e1 procurando as melhores op\u00e7\u00f5es de parcelamento? Estamos aqui para ajudar!<\/p>\n<p>Aproveite essa oportunidade \u00fanica e descubra como obter o dinheiro ou o cr\u00e9dito de que precisa com as melhores op\u00e7\u00f5es de parcelamento.<\/p>\n<p>N\u00e3o perca mais tempo, aproveite essa grande oportunidade! Chame no WhatsApp para saber mais.[\/vc_column_text][\/vc_column][\/vc_row][vc_row][vc_column][vc_column_text]<\/p>\n<h1>Conhe\u00e7as as vantagens<\/h1>\n<ul>\n<li>Voc\u00ea pode fazer seu cart\u00e3o Beneficio sem consultas ao SPC\/Serasa.<\/li>\n<li>\u00c9 a solu\u00e7\u00e3o, voc\u00ea pode fazer seu cart\u00e3o Beneficio sem a necessidade de passar por processos burocr\u00e1ticos e sem consultas ao SPC\/Serasa.<\/li>\n<li>Voc\u00ea n\u00e3o precisa mais passar por tanto trabalho para fazer seu consignado, cart\u00e3o beneficio e cart\u00e3o consignado. Venha conhecer a nossa solu\u00e7\u00e3o agora mesmo!<\/li>\n<li>Na Din Din Cred tem consignado, cart\u00e3o beneficio e cart\u00e3o consignado sem consulta ao SPC\/Serasa!<\/li>\n<li>Aproveite as vantagens dessa modalidade e obtenha consignado, cart\u00e3o beneficio e cart\u00e3o consignado para o que precisar na Din Din Cred, voc\u00ea tem a possibilidade de fazer o seu empr\u00e9stimo. Aproveite para realizar aqueles sonhos que voc\u00ea sempre quis! Chame j\u00e1 no WhatsApp e solicite o seu!<\/li>\n<li>Aposentados e pensionistas do INSS e servidores p\u00fablicos! Aqui na Din Din Cred n\u00f3s queremos ajudar voc\u00ea a ter mais benef\u00edcios financeiros, Chame no WhatsApp e conte com nossa experiente\u00a0 equipe, para aposentados e pensionistas do INSS e servidores p\u00fablicos.<\/li>\n<li>N\u00e3o perca tempo e fique por dentro das melhores condi\u00e7\u00f5es para aposentados e pensionistas INSS e servidores p\u00fablicos! chame agora mesmo para aproveitar as ofertas exclusivas!<\/li>\n<\/ul>\n<p>[\/vc_column_text][\/vc_column][\/vc_row][vc_row css=&#8221;.vc_custom_1452687555475{margin-bottom: 100px !important;}&#8221;][vc_column offset=&#8221;vc_col-lg-9 vc_col-md-9&#8243;][vc_single_image image=&#8221;33&#8243; img_size=&#8221;stm-image-1110&#215;550-croped&#8221; css=&#8221;.vc_custom_1452755083469{margin-bottom: 45px !important;}&#8221;][vc_custom_heading source=&#8221;post_title&#8221; use_theme_fonts=&#8221;yes&#8221;][vc_column_text css=&#8221;.vc_custom_1456123311085{margin-bottom: 25px !important;}&#8221;]Companies seem to dislike the term \u2018turnaround consulting\u2019 because it represents failure. The truth is that turnaround consulting represents success at realizing the company is going in the wrong direction. The only time the company fails is when it is not possible to do a turnaround anymore. We help companies pivot into more profitable directions where they can expand and grow. It is inevitable that companies will end up making a few mistakes; we help them correct these mistakes.<\/p>\n<p>We help companies turnaround their non-profitable ventures into something that benefits them. Our specialty lies in understanding what makes a company special and what makes it tick.[\/vc_column_text][vc_column_text css=&#8221;.vc_custom_1456219422743{margin-bottom: 34px !important;}&#8221;]<\/p>\n<blockquote><p>Consulting WP &#8211; we help companies assess their skills and choose a new direction which utilizes the talents of the team and resources most productively.<\/p><\/blockquote>\n<p>[\/vc_column_text][vc_row_inner css=&#8221;.vc_custom_1456219515168{margin-bottom: 27px !important;}&#8221;][vc_column_inner width=&#8221;1\/2&#8243;][vc_custom_heading text=&#8221;Safety net &amp; build wealth&#8221; font_container=&#8221;tag:h4|text_align:left|color:%23222222&#8243; use_theme_fonts=&#8221;yes&#8221; css=&#8221;.vc_custom_1456311057010{margin-bottom: 27px !important;}&#8221;][stm_charts design=&#8221;circle&#8221; legend_position=&#8221;right&#8221; width=&#8221;208&#8243; height=&#8221;208&#8243; css=&#8221;.vc_custom_1453102995785{margin-bottom: 14px !important;}&#8221;][vc_column_text]<span style=\"font-size: 13px; color: #777777; line-height: 22px;\">You can transform your business to a revenue-producing asset that lets you work as much or as little as you want.<\/span>[\/vc_column_text][\/vc_column_inner][vc_column_inner width=&#8221;1\/2&#8243;][vc_custom_heading text=&#8221;Business planning &amp; strategy&#8221; font_container=&#8221;tag:h4|text_align:left|color:%23222222&#8243; use_theme_fonts=&#8221;yes&#8221; css=&#8221;.vc_custom_1456311065739{margin-bottom: 23px !important;}&#8221;][vc_column_text]Our clients are often surprised by the possibilities we present to them; by thinking outside the box we present exciting new ventures:<\/p>\n<ul>\n<li>Work fewer hours \u2014 and make more money<\/li>\n<li>Attract and retain quality, high-paying customers<\/li>\n<li>Manage your time so you\u2019ll get more done in less time<\/li>\n<li>Hone sharp leadership skills to manage your team<\/li>\n<li>Cut expenses without sacrificing quality<\/li>\n<li>Automate your business, so you can leave for days,<\/li>\n<\/ul>\n<p>[\/vc_column_text][\/vc_column_inner][\/vc_row_inner][vc_custom_heading text=&#8221;Research beyond the business plan&#8221; font_container=&#8221;tag:h4|text_align:left|color:%23222222&#8243; use_theme_fonts=&#8221;yes&#8221; css=&#8221;.vc_custom_1456311075930{margin-bottom: 31px !important;}&#8221;][vc_tta_accordion shape=&#8221;square&#8221; c_position=&#8221;right&#8221; active_section=&#8221;1&#8243; css=&#8221;.vc_custom_1456219636222{margin-bottom: 34px !important;}&#8221;][vc_tta_section title=&#8221;Client Prospecting&#8221; tab_id=&#8221;1452765420119-d4dfaf69-4fae&#8221;][vc_column_text]We also ensure that the whole team is included in the process and that no one is left out during the turnaround. The most crucial part is ensuring some degree of financial stability during the turnaround.[\/vc_column_text][\/vc_tta_section][vc_tta_section title=&#8221;Web Site Research&#8221; tab_id=&#8221;1452765443215-63a10c55-a5ef&#8221;][vc_column_text]This is the most worrying part for most clients going through or needing a turnaround; it means that incoming cash flows will change completely. We help ease these issues through fantastic financial projections and a realistic view of what can be accomplished.[\/vc_column_text][\/vc_tta_section][vc_tta_section title=&#8221;Grant &amp; Funding Research&#8221; tab_id=&#8221;1452765442453-b921a1fb-6ec8&#8243;][vc_column_text]Creating a list of potential qualified prospects for your service or product can be daunting when you\/&#8217;re beginning your business. However, this needs to be considered as a follow up on your Target Market Analysis so you can hit the ground running.[\/vc_column_text][\/vc_tta_section][\/vc_tta_accordion][vc_row_inner][vc_column_inner width=&#8221;1\/2&#8243;][vc_custom_heading text=&#8221;Business plan market&#8221; font_container=&#8221;tag:h4|text_align:left|color:%23222222&#8243; use_theme_fonts=&#8221;yes&#8221; css=&#8221;.vc_custom_1456311087657{margin-bottom: 23px !important;}&#8221;][vc_column_text css=&#8221;.vc_custom_1452766167584{margin-bottom: 20px !important;}&#8221;]A strong business plan requires going beyond intuition and experience, and supporting your idea with fact-based market research. Investors need to have confidence in your understanding of the market, so don\/&#8217;t let yourself down by skimping on research. We have access to fee-based, subscriber-only resources such as:[\/vc_column_text][vc_column_text]<\/p>\n<ul>\n<li><span style=\"font-size: 13px;\"><strong>Don James\/Semplice<\/strong> \u2013 Article and News Research<\/span><\/li>\n<li><span style=\"font-size: 13px;\"><strong>VoltageBusiness<\/strong> \u2013 Company and Industry Research<\/span><\/li>\n<li><span style=\"font-size: 13px;\"><strong>Goovers<\/strong> \u2013 Company and Industry Research<\/span><\/li>\n<li><span style=\"font-size: 13px;\"><strong>IRISpace<\/strong> \u2013 Article and News Research<\/span><\/li>\n<li><span style=\"font-size: 13px;\"><strong>Lexos-Nexos<\/strong> \u2013 Company, Industry, Market Research<\/span><\/li>\n<li><span style=\"font-size: 13px;\"><strong>Plombett<\/strong> \u2013 Article and News Research<\/span><\/li>\n<li><span style=\"font-size: 13px;\"><strong>Pronounce<\/strong> \u2013 Market Analysis report \u201cSlices\u201d<\/span><\/li>\n<\/ul>\n<p>[\/vc_column_text][\/vc_column_inner][vc_column_inner width=&#8221;1\/2&#8243;][vc_custom_heading text=&#8221;Competitor research &amp; analysis&#8221; font_container=&#8221;tag:h4|text_align:left|color:%23222222&#8243; use_theme_fonts=&#8221;yes&#8221; css=&#8221;.vc_custom_1456311094682{margin-bottom: 20px !important;}&#8221;][stm_charts width=&#8221;395&#8243; height=&#8221;410&#8243;][\/vc_column_inner][\/vc_row_inner][\/vc_column][vc_column width=&#8221;1\/4&#8243; offset=&#8221;vc_hidden-sm vc_hidden-xs&#8221;][stm_sidebar sidebar=&#8221;577&#8243;][\/vc_column][\/vc_row][vc_row full_width=&#8221;stretch_row&#8221; el_class=&#8221;third_bg_color&#8221; css=&#8221;.vc_custom_1451889219674{margin-bottom: -60px !important;}&#8221;][vc_column][vc_cta h2=&#8221;Looking for a First-Class Business Plan Consultant?&#8221; h2_font_container=&#8221;font_size:20px|color:%23000000|line_height:24px&#8221; h2_use_theme_fonts=&#8221;yes&#8221; shape=&#8221;square&#8221; style=&#8221;flat&#8221; add_button=&#8221;right&#8221; btn_title=&#8221;get a quote&#8221; btn_style=&#8221;flat&#8221; btn_color=&#8221;theme_style_2&#8243; btn_align=&#8221;right&#8221; btn_i_align=&#8221;right&#8221; btn_i_icon_fontawesome=&#8221;fa fa-chevron-right&#8221; particles=&#8221;yes&#8221; use_custom_fonts_h2=&#8221;true&#8221; btn_button_block=&#8221;true&#8221; btn_add_icon=&#8221;true&#8221; el_class=&#8221;third_bg_color&#8221; css=&#8221;.vc_custom_1495693069076{margin-bottom: 0px !important;}&#8221;][\/vc_cta][\/vc_column][\/vc_row]<\/p>\n<\/section>","protected":false},"excerpt":{"rendered":"<p>[vc_row full_width=&#8221;stretch_row&#8221; css=&#8221;.vc_custom_1598350241852{padding-top: 100px !important;}&#8221;][vc_column width=&#8221;1\/12&#8243;][\/vc_column][vc_column width=&#8221;5\/6&#8243;][vc_single_image image=&#8221;8009&#8243; img_size=&#8221;large&#8221;][vc_custom_heading stripe_pos=&#8221;hide&#8221; stm_title_font_weight=&#8221;400&#8243; text=&#8221;DINHEIRO A MAIS, TAXAS A MENOS PARA APOSENTADOS E PENSIONISTAS DO INSS E SERVIDORES P\u00daBLICOS.&#8221; font_container=&#8221;tag:p|font_size:30px|text_align:center|line_height:44px&#8221; use_theme_fonts=&#8221;yes&#8221; css=&#8221;.vc_custom_1699386925665{margin-bottom: 65px !important;}&#8221;][\/vc_column][vc_column width=&#8221;1\/12&#8243;][\/vc_column][\/vc_row][vc_row][vc_column][vc_column_text]Voc\u00ea quer ter acesso a dinheiro ou cr\u00e9dito que precisa? Est\u00e1 procurando as melhores op\u00e7\u00f5es de parcelamento? Estamos aqui para ajudar! Aproveite essa oportunidade<\/p>\n","protected":false},"author":1,"featured_media":0,"parent":0,"menu_order":0,"comment_status":"closed","ping_status":"closed","template":"","meta":{"sfsi_plus_gutenberg_text_before_share":"","sfsi_plus_gutenberg_show_text_before_share":"","sfsi_plus_gutenberg_icon_type":"","sfsi_plus_gutenberg_icon_alignemt":"","sfsi_plus_gutenburg_max_per_row":"","footnotes":""},"class_list":["post-8021","page","type-page","status-publish","hentry"],"_links":{"self":[{"href":"https:\/\/dindincred.com.br\/index.php\/wp-json\/wp\/v2\/pages\/8021"}],"collection":[{"href":"https:\/\/dindincred.com.br\/index.php\/wp-json\/wp\/v2\/pages"}],"about":[{"href":"https:\/\/dindincred.com.br\/index.php\/wp-json\/wp\/v2\/types\/page"}],"author":[{"embeddable":true,"href":"https:\/\/dindincred.com.br\/index.php\/wp-json\/wp\/v2\/users\/1"}],"replies":[{"embeddable":true,"href":"https:\/\/dindincred.com.br\/index.php\/wp-json\/wp\/v2\/comments?post=8021"}],"version-history":[{"count":7,"href":"https:\/\/dindincred.com.br\/index.php\/wp-json\/wp\/v2\/pages\/8021\/revisions"}],"predecessor-version":[{"id":8096,"href":"https:\/\/dindincred.com.br\/index.php\/wp-json\/wp\/v2\/pages\/8021\/revisions\/8096"}],"wp:attachment":[{"href":"https:\/\/dindincred.com.br\/index.php\/wp-json\/wp\/v2\/media?parent=8021"}],"curies":[{"name":"wp","href":"https:\/\/api.w.org\/{rel}","templated":true}]}}