{"id":8052,"date":"2023-11-07T16:30:54","date_gmt":"2023-11-07T20:30:54","guid":{"rendered":"https:\/\/dindincred.com.br\/?page_id=8052"},"modified":"2023-11-08T10:40:05","modified_gmt":"2023-11-08T14:40:05","slug":"cartao-consignado","status":"publish","type":"page","link":"https:\/\/dindincred.com.br\/index.php\/cartao-consignado\/","title":{"rendered":"Cart\u00e3o Consignado INSS LOAS BPC Servidor P\u00fablico"},"content":{"rendered":"<section class=\"wpb-content-wrapper\"><p>[vc_row css=&#8221;.vc_custom_1452687555475{margin-bottom: 100px !important;}&#8221;][vc_column offset=&#8221;vc_col-lg-9 vc_col-md-9&#8243;][vc_single_image image=&#8221;8009&#8243; img_size=&#8221;large&#8221;][vc_custom_heading text=&#8221;Na Din Din Cred tem o cart\u00e3o de cr\u00e9dito consignado para Aposentados e Pensionistas do INSS, LOAS, BPC e Servidor P\u00fablico.&#8221; font_container=&#8221;tag:h3|font_size:30px|text_align:left|line_height:44px&#8221; use_theme_fonts=&#8221;yes&#8221;][vc_column_text css=&#8221;.vc_custom_1699399800361{margin-bottom: 25px !important;}&#8221;]<\/p>\n<div class=\"wpb_text_column wpb_content_element \">\n<div class=\"wpb_wrapper\">\n<h2 class=\"titulo-principal mb-2\">aproveite as vantagens do cart\u00e3o de cr\u00e9dito consignado feito para voc\u00ea!<\/h2>\n<ul>\n<li>Na Din Din Cred tem os melhores o Cart\u00e3o de Cr\u00e9dito Consignado para voc\u00ea! com margem exclusiva e taxa de juros mais baixa que de um cart\u00e3o de cr\u00e9dito convencional.<\/li>\n<li>\u00a0Aproveite os Juros mais baixos do Cart\u00e3o de Cr\u00e9dito!<\/li>\n<li>Voc\u00ea j\u00e1 sabe que os Juros mais baixos significam economia no final do m\u00eas. Por isso, aproveite essa oportunidade \u00fanica e solicite j\u00e1 o seu Cart\u00e3o de Cr\u00e9dito com Juros mais baixos.<\/li>\n<li>Garanta agora mesmo sua economia e liberdade financeira!\u00a0 Aproveite os Juros mais baixos do Cart\u00e3o de Cr\u00e9dito!<\/li>\n<li>Aproveite os benef\u00edcios do Cart\u00e3o de Cr\u00e9dito Consignado agora mesmo! As melhores taxas do mercado e acess\u00edvel at\u00e9 para quem est\u00e1 com o nome negativado.<\/li>\n<li>Fa\u00e7a j\u00e1 sua solicita\u00e7\u00e3o e aproveite as vantagens que s\u00f3 o Cart\u00e3o de Cr\u00e9dito Consignado pode te oferecer! Aproveite agora!<\/li>\n<li>Descubra como voc\u00ea pode realizar saques em dinheiro usando seu limite de cr\u00e9dito consignado.<\/li>\n<li>Com o cart\u00e3o de cr\u00e9dito consignado, voc\u00ea pode sacar o dinheiro na hora! pediu j\u00e1 saca!, o dinheiro j\u00e1 vai pra sua conta, sem precisar ir a um caixa eletr\u00f4nico. \u00c9 mais pr\u00e1tico, mais eficiente e seguro.<\/li>\n<li>Al\u00e9m de economizar tempo voc\u00ea tamb\u00e9m pode economizar mais, pois n\u00e3o ter\u00e1 que pagar tarifas de saque.<\/li>\n<li>N\u00e3o perca mais tempo e saque dinheiro usando o seu limite de cr\u00e9dito consignado! Acelere o processo e aproveite os benef\u00edcios! Experimente agora!<\/li>\n<\/ul>\n<\/div>\n<\/div>\n<p>[\/vc_column_text][vc_column_text css=&#8221;.vc_custom_1699392519474{margin-bottom: 34px !important;}&#8221;]<\/p>\n<div class=\"vc_custom_heading vc_custom_1699317118060 text_align_center title_no_stripe\">\n<h1 class=\"consulting-custom-title\">Conhe\u00e7a os cart\u00f5es de cr\u00e9dito consignado na Din Din Cred!<\/h1>\n<\/div>\n<div class=\"wpb_text_column wpb_content_element \">\n<div class=\"wpb_wrapper\">\n<blockquote>\n<p>Conhe\u00e7a os beneficios e as vantagens de ter um cart\u00e3o de cr\u00e9dito consignado exclusivo para aposentados, pensionistas do INSS e servidores p\u00fablicos! Aproveite para contar com diversas promo\u00e7\u00f5es e descontos que s\u00f3 o Cart\u00e3o de cr\u00e9dito consignado pode oferecer. Solicitar agora \u00e9 muito f\u00e1cil, seguro e r\u00e1pido. Seja um cliente a ter o o Cart\u00e3o de cr\u00e9dito consignado e comece a usufruir de todos os benef\u00edcios. Garanta o seu Cart\u00e3o de cr\u00e9dito e leve seu controle financeiro a um novo patamar! Solicitar agora!<\/p>\n<\/blockquote>\n<\/div>\n<\/div>\n<p>[\/vc_column_text][vc_row_inner css=&#8221;.vc_custom_1456219515168{margin-bottom: 27px !important;}&#8221;][vc_column_inner width=&#8221;1\/2&#8243;][vc_custom_heading text=&#8221;Pe\u00e7a o seu&#8221; font_container=&#8221;tag:h4|text_align:left|color:%23222222&#8243; use_theme_fonts=&#8221;yes&#8221; css=&#8221;.vc_custom_1699399515258{margin-bottom: 27px !important;}&#8221;][vc_single_image image=&#8221;8056&#8243; img_size=&#8221;large&#8221;][\/vc_column_inner][vc_column_inner width=&#8221;1\/2&#8243;][vc_custom_heading text=&#8221;Cart\u00e3o Consignado \u00e9 mais vantagens:&#8221; font_container=&#8221;tag:h4|text_align:left|color:%23222222&#8243; use_theme_fonts=&#8221;yes&#8221; css=&#8221;.vc_custom_1699399494531{margin-bottom: 23px !important;}&#8221;][vc_column_text]<\/p>\n<ul>\n<li>Aproveite todos os benef\u00edcios de ter um Cart\u00e3o Mastercard Internacional! Com ele, voc\u00ea pode usufruir de pre\u00e7os especiais, programas de fidelidade e at\u00e9 mesmo alguns servi\u00e7os exclusivos. Fa\u00e7a o seu hoje e comece a aproveitar todas as vantagens que esse cart\u00e3o oferece! Aproveite agora mesmo e fa\u00e7a o seu Cart\u00e3o Mastercard Internacional! Garanta j\u00e1 o seu!<\/li>\n<li>Est\u00e1 a procura de um cart\u00e3o de cr\u00e9dito sem anuidade? N\u00e3o procure mais! N\u00f3s temos exatamente o que voc\u00ea precisa!<\/li>\n<li>O cart\u00e3o de cr\u00e9dito consignado \u00e9 perfeito para voc\u00ea que n\u00e3o quer pagar anuidade e ainda desfrutar de todos os benef\u00edcios de um cart\u00e3o de cr\u00e9dito. Voc\u00ea ter\u00e1 acesso a promo\u00e7\u00f5es e descontos exclusivos, al\u00e9m de ofertas especiais e um limite de cr\u00e9dito flex\u00edvel.<\/li>\n<li>N\u00f3s queremos que voc\u00ea aproveite ao m\u00e1ximo o cart\u00e3o de cr\u00e9dito consignado sem anuidade e comece a economizar agora! Aproveite! Adquira j\u00e1 o seu cart\u00e3o de cr\u00e9dito consignado!<\/li>\n<\/ul>\n<p>[\/vc_column_text][\/vc_column_inner][\/vc_row_inner][vc_custom_heading text=&#8221;Cart\u00e3o de cr\u00e9dito consignado para voc\u00ea: Aposentados e Pensionistas do INSS, LOAS, BPC e Servidor P\u00fablico.&#8221; font_container=&#8221;tag:h4|text_align:left|color:%23222222&#8243; use_theme_fonts=&#8221;yes&#8221; css=&#8221;.vc_custom_1699399859958{margin-bottom: 31px !important;}&#8221;][vc_tta_accordion shape=&#8221;square&#8221; c_position=&#8221;right&#8221; active_section=&#8221;1&#8243; css=&#8221;.vc_custom_1456219636222{margin-bottom: 34px !important;}&#8221;][vc_tta_section title=&#8221;Quem pode contratar o Cart\u00e3o Cr\u00e9dito Consignado?&#8221; tab_id=&#8221;1452765420119-d4dfaf69-4fae&#8221;][vc_column_text]Voc\u00ea est\u00e1 precisando de um Cart\u00e3o de Cr\u00e9dito Consignado? Descubra quem pode contrat\u00e1-lo! O Cart\u00e3o de Cr\u00e9dito Consignado \u00e9 uma \u00f3tima maneira de voc\u00ea ter acesso a cr\u00e9dito a partir do seu sal\u00e1rio. Chame a Din Din Cred no WhatsApp e saiba quem pode contrat\u00e1-lo! Aproveite e fa\u00e7a sua contrata\u00e7\u00e3o agora. N\u00e3o perca tempo! Chame no WhatsAp e descubra quem pode contratar o Cart\u00e3o de Cr\u00e9dito Consignado![\/vc_column_text][\/vc_tta_section][vc_tta_section title=&#8221;Din Din Cred \u00e9 confiavel?&#8221; tab_id=&#8221;1452765443215-63a10c55-a5ef&#8221;][vc_column_text css_animation=&#8221;right-to-left&#8221;]Din Din Cred \u00e9 confi\u00e1vel?<\/p>\n<p>Conhe\u00e7a a Din Din Cred! CNPJ 11395697000163. A Din Din Cred \u00e9 Correspondente Banc\u00e1rio dos Melhores bancos do pa\u00eds, desde 2004, A Din Din Cred est\u00e1 a 19 anos aqui em Campo Grande a Rua 13 de Maio, 2310. N\u00e3o tem filiais, nem representante. Din Din Cred \u00e9 marca registrada. Portanto s\u00f3 existe esta!<\/p>\n<p>Din Din Cred nas redes sociais: <a href=\"https:\/\/www.facebook.com\/dindincred\">Facebook<\/a>, <a href=\"https:\/\/www.instagram.com\/dindincred\">Instagram<\/a>, <a href=\"https:\/\/twitter.com\/dindincred\">Twitter<\/a>, <a href=\"https:\/\/br.linkedin.com\/company\/din-din-cred\">Linkedin,<\/a> <a href=\"https:\/\/www.youtube.com\/dindincred\">Youtube<\/a>[\/vc_column_text][\/vc_tta_section][vc_tta_section title=&#8221;O que \u00e9 o cart\u00e3o de cr\u00e9dito Consignado?&#8221; tab_id=&#8221;1452765442453-b921a1fb-6ec8&#8243;][vc_column_text]O Cart\u00e3o de Cr\u00e9dito Consignado \u00e9 uma excelente op\u00e7\u00e3o para quem precisa de um empr\u00e9stimo de longo prazo com condi\u00e7\u00f5es favor\u00e1veis. Com ele, o usu\u00e1rio pode ter cr\u00e9dito acess\u00edvel, com taxas de juros mais baixas e prazos mais longos para quitar a d\u00edvida. Al\u00e9m disso, \u00e9 poss\u00edvel controlar melhor os gastos, pois o valor usado \u00e9 descontado diretamente da sua folha de pagamento. Aproveite essa vantagem e fa\u00e7a parte do time de quem controla melhor os seus gastos com o Cart\u00e3o de Cr\u00e9dito Consignado! Aproveite e comece agora mesmo![\/vc_column_text][\/vc_tta_section][\/vc_tta_accordion][vc_row_inner][vc_column_inner width=&#8221;1\/2&#8243;][vc_custom_heading text=&#8221;O Cart\u00e3o de cr\u00e9dito feito para voc\u00ea:&#8221; font_container=&#8221;tag:h4|text_align:left|color:%23222222&#8243; use_theme_fonts=&#8221;yes&#8221; css=&#8221;.vc_custom_1699401374752{margin-bottom: 23px !important;}&#8221;][vc_column_text css=&#8221;.vc_custom_1699399709319{margin-bottom: 20px !important;}&#8221;]<\/p>\n<ul>\n<li>Aproveite e saque at\u00e9 70% do seu limite de cr\u00e9dito!\u00a0 Com o seu cart\u00e3o de cr\u00e9dito voc\u00ea pode realizar saques com at\u00e9 70% do limite!<\/li>\n<li>Agora voc\u00ea pode aproveitar mais essa vantagem e saque at\u00e9 70% do seu limite de cr\u00e9dito.\u00a0 Aproveite essa oportunidade!<\/li>\n<li>\u00a0Aproveite os Juros mais baixos do Cart\u00e3o de Cr\u00e9dito Consignado!<\/li>\n<li>Voc\u00ea j\u00e1 sabe que os Juros mais baixos significam economia no final do m\u00eas. Por isso, aproveite essa oportunidade \u00fanica e solicite j\u00e1 o seu Cart\u00e3o de Cr\u00e9dito Consignado com Juros mais baixos.<\/li>\n<li>Garanta agora mesmo sua economia e liberdade financeira!\u00a0 Aproveite os Juros mais baixos do Cart\u00e3o de Cr\u00e9dito!<\/li>\n<\/ul>\n<p>[\/vc_column_text][vc_custom_heading text=&#8221;Pe\u00e7a o seu cart\u00e3o de cr\u00e9dito consignado&#8221; font_container=&#8221;tag:h4|text_align:left|color:%23222222&#8243; use_theme_fonts=&#8221;yes&#8221; css=&#8221;.vc_custom_1699401408717{margin-bottom: 20px !important;}&#8221;][\/vc_column_inner][vc_column_inner width=&#8221;1\/2&#8243;][vc_single_image image=&#8221;8008&#8243; img_size=&#8221;large&#8221;][\/vc_column_inner][\/vc_row_inner][\/vc_column][vc_column width=&#8221;1\/4&#8243; offset=&#8221;vc_hidden-sm vc_hidden-xs&#8221;][stm_sidebar sidebar=&#8221;577&#8243;][\/vc_column][\/vc_row][vc_row full_width=&#8221;stretch_row&#8221; el_class=&#8221;third_bg_color&#8221; css=&#8221;.vc_custom_1699401846909{margin-bottom: -60px !important;background-color: #fe5000 !important;}&#8221;][vc_column css=&#8221;.vc_custom_1699401706715{background-color: #fe5000 !important;}&#8221;][vc_cta h2=&#8221;Solicite o seu Cart\u00e3o Consignado agora na Din Din Cred&#8221; h2_font_container=&#8221;tag:h3|font_size:20px|text_align:center|color:%23ffffff|line_height:24px&#8221; h2_use_theme_fonts=&#8221;yes&#8221; shape=&#8221;square&#8221; style=&#8221;flat&#8221; add_button=&#8221;right&#8221; btn_title=&#8221;Solicite pelo WhatsApp&#8221; btn_style=&#8221;flat&#8221; btn_color=&#8221;theme_style_2&#8243; btn_align=&#8221;right&#8221; btn_i_align=&#8221;right&#8221; btn_i_icon_fontawesome=&#8221;stm-whatsapp&#8221; particles=&#8221;yes&#8221; use_custom_fonts_h2=&#8221;true&#8221; btn_button_block=&#8221;true&#8221; btn_add_icon=&#8221;true&#8221; el_class=&#8221;third_bg_color&#8221; css=&#8221;.vc_custom_1699454391444{margin-bottom: 0px !important;background-color: #fe5000 !important;}&#8221; btn_link=&#8221;url:https%3A%2F%2Fwa.me%2F5567996795145|target:_blank&#8221;][\/vc_cta][\/vc_column][\/vc_row]<\/p>\n<\/section>","protected":false},"excerpt":{"rendered":"<p>[vc_row css=&#8221;.vc_custom_1452687555475{margin-bottom: 100px !important;}&#8221;][vc_column offset=&#8221;vc_col-lg-9 vc_col-md-9&#8243;][vc_single_image image=&#8221;8009&#8243; img_size=&#8221;large&#8221;][vc_custom_heading text=&#8221;Na Din Din Cred tem o cart\u00e3o de cr\u00e9dito consignado para Aposentados e Pensionistas do INSS, LOAS, BPC e Servidor P\u00fablico.&#8221; font_container=&#8221;tag:h3|font_size:30px|text_align:left|line_height:44px&#8221; use_theme_fonts=&#8221;yes&#8221;][vc_column_text css=&#8221;.vc_custom_1699399800361{margin-bottom: 25px !important;}&#8221;] aproveite as vantagens do cart\u00e3o de cr\u00e9dito consignado feito para voc\u00ea! Na Din Din Cred tem os melhores o Cart\u00e3o de<\/p>\n","protected":false},"author":1,"featured_media":0,"parent":0,"menu_order":0,"comment_status":"closed","ping_status":"closed","template":"","meta":{"sfsi_plus_gutenberg_text_before_share":"","sfsi_plus_gutenberg_show_text_before_share":"","sfsi_plus_gutenberg_icon_type":"","sfsi_plus_gutenberg_icon_alignemt":"","sfsi_plus_gutenburg_max_per_row":"","footnotes":""},"class_list":["post-8052","page","type-page","status-publish","hentry"],"_links":{"self":[{"href":"https:\/\/dindincred.com.br\/index.php\/wp-json\/wp\/v2\/pages\/8052"}],"collection":[{"href":"https:\/\/dindincred.com.br\/index.php\/wp-json\/wp\/v2\/pages"}],"about":[{"href":"https:\/\/dindincred.com.br\/index.php\/wp-json\/wp\/v2\/types\/page"}],"author":[{"embeddable":true,"href":"https:\/\/dindincred.com.br\/index.php\/wp-json\/wp\/v2\/users\/1"}],"replies":[{"embeddable":true,"href":"https:\/\/dindincred.com.br\/index.php\/wp-json\/wp\/v2\/comments?post=8052"}],"version-history":[{"count":11,"href":"https:\/\/dindincred.com.br\/index.php\/wp-json\/wp\/v2\/pages\/8052\/revisions"}],"predecessor-version":[{"id":8093,"href":"https:\/\/dindincred.com.br\/index.php\/wp-json\/wp\/v2\/pages\/8052\/revisions\/8093"}],"wp:attachment":[{"href":"https:\/\/dindincred.com.br\/index.php\/wp-json\/wp\/v2\/media?parent=8052"}],"curies":[{"name":"wp","href":"https:\/\/api.w.org\/{rel}","templated":true}]}}