{"id":8065,"date":"2023-11-07T21:15:09","date_gmt":"2023-11-08T01:15:09","guid":{"rendered":"https:\/\/dindincred.com.br\/?page_id=8065"},"modified":"2023-11-08T10:50:46","modified_gmt":"2023-11-08T14:50:46","slug":"cartao-beneficio","status":"publish","type":"page","link":"https:\/\/dindincred.com.br\/index.php\/cartao-beneficio\/","title":{"rendered":"Cart\u00e3o Beneficio"},"content":{"rendered":"<section class=\"wpb-content-wrapper\"><p>[vc_row][vc_column][vc_single_image image=&#8221;8005&#8243; img_size=&#8221;large&#8221;][\/vc_column][\/vc_row][vc_row full_width=&#8221;stretch_row&#8221; css=&#8221;.vc_custom_1598350241852{padding-top: 100px !important;}&#8221;][vc_column width=&#8221;1\/12&#8243;][\/vc_column][vc_column width=&#8221;5\/6&#8243;][vc_custom_heading stripe_pos=&#8221;hide&#8221; stm_title_font_weight=&#8221;400&#8243; text=&#8221;DINHEIRO A MAIS, TAXAS A MENOS PARA APOSENTADOS E PENSIONISTAS DO INSS E SERVIDORES P\u00daBLICOS.&#8221; font_container=&#8221;tag:p|font_size:30px|text_align:center|line_height:44px&#8221; use_theme_fonts=&#8221;yes&#8221; css=&#8221;.vc_custom_1699408420188{margin-bottom: 65px !important;}&#8221;][vc_column_text]Voc\u00ea quer ter acesso a dinheiro ou cr\u00e9dito que precisa? Est\u00e1 procurando as melhores op\u00e7\u00f5es de parcelamento? Estamos aqui para ajudar!<\/p>\n<p>Aproveite essa oportunidade \u00fanica e descubra como obter o dinheiro ou o cr\u00e9dito de que precisa com as melhores op\u00e7\u00f5es de parcelamento.<\/p>\n<p>N\u00e3o perca mais tempo, aproveite essa grande oportunidade! Chame no WhatsApp para saber mais.[\/vc_column_text][\/vc_column][vc_column width=&#8221;1\/12&#8243;][\/vc_column][\/vc_row][vc_row full_width=&#8221;stretch_row&#8221; css=&#8221;.vc_custom_1598341670777{margin-top: 70px !important;margin-bottom: 80px !important;}&#8221;][vc_column width=&#8221;1\/6&#8243;][\/vc_column][vc_column width=&#8221;2\/3&#8243;][vc_column_text]<\/p>\n<ul>\n<li>Voc\u00ea pode fazer seu cart\u00e3o Beneficio sem consultas ao SPC\/Serasa.<\/li>\n<li>\u00c9 a solu\u00e7\u00e3o, voc\u00ea pode fazer seu cart\u00e3o Beneficio sem a necessidade de passar por processos burocr\u00e1ticos e sem consultas ao SPC\/Serasa.<\/li>\n<li>Voc\u00ea n\u00e3o precisa mais passar por tanto trabalho para fazer seu consignado, cart\u00e3o beneficio e cart\u00e3o consignado. Venha conhecer a nossa solu\u00e7\u00e3o agora mesmo!<\/li>\n<li>Na Din Din Cred tem consignado, cart\u00e3o beneficio e cart\u00e3o consignado sem consulta ao SPC\/Serasa!<\/li>\n<li>Aproveite as vantagens dessa modalidade e obtenha consignado, cart\u00e3o beneficio e cart\u00e3o consignado para o que precisar na Din Din Cred, voc\u00ea tem a possibilidade de fazer o seu empr\u00e9stimo. Aproveite para realizar aqueles sonhos que voc\u00ea sempre quis! Chame j\u00e1 no WhatsApp e solicite o seu!<\/li>\n<li>Aposentados e pensionistas do INSS e servidores p\u00fablicos! Aqui na Din Din Cred n\u00f3s queremos ajudar voc\u00ea a ter mais benef\u00edcios financeiros, Chame no WhatsApp e conte com nossa experiente\u00a0 equipe, para aposentados e pensionistas do INSS e servidores p\u00fablicos.<\/li>\n<li>N\u00e3o perca tempo e fique por dentro das melhores condi\u00e7\u00f5es para aposentados e pensionistas INSS e servidores p\u00fablicos! chame agora mesmo para aproveitar as ofertas exclusivas!<\/li>\n<\/ul>\n<p>[\/vc_column_text][vc_custom_heading text=&#8221;Cart\u00e3o de cr\u00e9dito Beneficio consignado para voc\u00ea: Aposentados e Pensionistas do INSS, LOAS, BPC e Servidor P\u00fablico.&#8221; use_theme_fonts=&#8221;yes&#8221;][\/vc_column][vc_column width=&#8221;1\/6&#8243;][\/vc_column][\/vc_row][vc_row full_width=&#8221;stretch_row&#8221; css=&#8221;.vc_custom_1486031104993{margin-bottom: 54px !important;}&#8221;][vc_column width=&#8221;1\/6&#8243;][\/vc_column][vc_column width=&#8221;2\/3&#8243;][vc_column_text]<\/p>\n<h4 class=\"titulo-principal mb-2\">aproveite as vantagens do cart\u00e3o de beneficio consignado feito para voc\u00ea!<\/h4>\n<ul>\n<li>Na Din Din Cred tem os melhores o Cart\u00e3o de Beneficio Consignado para voc\u00ea! com margem exclusiva e taxa de juros mais baixa que de um cart\u00e3o de cr\u00e9dito convencional.<\/li>\n<li>\u00a0Aproveite os Juros mais baixos do Cart\u00e3o de Beneficio!<\/li>\n<li>Voc\u00ea j\u00e1 sabe que os Juros mais baixos significam economia no final do m\u00eas. Por isso, aproveite essa oportunidade \u00fanica e solicite j\u00e1 o seu Cart\u00e3o de Beneficio com Juros mais baixos.<\/li>\n<li>Garanta agora mesmo sua economia e liberdade financeira!\u00a0 Aproveite os Juros mais baixos do Cart\u00e3o de Beneficio!<\/li>\n<li>Aproveite os benef\u00edcios do Cart\u00e3o de Beneficio Consignado agora mesmo! As melhores taxas do mercado e acess\u00edvel at\u00e9 para quem est\u00e1 com o nome negativado.<\/li>\n<li>Fa\u00e7a j\u00e1 sua solicita\u00e7\u00e3o e aproveite as vantagens que s\u00f3 o Cart\u00e3o de Beneficio Consignado pode te oferecer! Aproveite agora!<\/li>\n<li>Descubra como voc\u00ea pode realizar saques em dinheiro usando seu limite de cr\u00e9dito consignado.<\/li>\n<li>Com o Cart\u00e3o de Beneficio consignado, voc\u00ea pode sacar o dinheiro na hora! pediu j\u00e1 saca!, o dinheiro j\u00e1 vai pra sua conta, sem precisar ir a um caixa eletr\u00f4nico. \u00c9 mais pr\u00e1tico, mais eficiente e seguro.<\/li>\n<li>Al\u00e9m de economizar tempo voc\u00ea tamb\u00e9m pode economizar mais, pois n\u00e3o ter\u00e1 que pagar tarifas de saque.<\/li>\n<li>N\u00e3o perca mais tempo e saque dinheiro usando o seu limite exclusiva de Cart\u00e3o de Beneficio consignado! Acelere o processo e aproveite os benef\u00edcios! Experimente agora!<\/li>\n<\/ul>\n<p>[\/vc_column_text][\/vc_column][vc_column width=&#8221;1\/6&#8243;][\/vc_column][\/vc_row][vc_row css=&#8221;.vc_custom_1598345956945{margin-bottom: 120px !important;}&#8221;][vc_column][vc_gallery images=&#8221;8009,8008,8007,8005,8004,8003&#8243;][\/vc_column][\/vc_row][vc_row full_width=&#8221;stretch_row&#8221; el_class=&#8221;third_bg_color&#8221; css=&#8221;.vc_custom_1699448039787{margin-bottom: -60px !important;background-color: #fe5000 !important;}&#8221;][vc_column css=&#8221;.vc_custom_1699448012944{background-color: #fe5000 !important;}&#8221;][vc_cta h2=&#8221;Solicite o seu Cart\u00e3o Beneficio agora na Din Din Cred&#8221; h2_font_container=&#8221;tag:h3|font_size:20px|text_align:center|color:%23ffffff|line_height:24px&#8221; h2_use_theme_fonts=&#8221;yes&#8221; shape=&#8221;square&#8221; style=&#8221;flat&#8221; add_button=&#8221;right&#8221; btn_title=&#8221;Solicite pelo WhatsApp&#8221; btn_style=&#8221;flat&#8221; btn_color=&#8221;theme_style_2&#8243; btn_align=&#8221;right&#8221; btn_i_align=&#8221;right&#8221; btn_i_icon_fontawesome=&#8221;stm-whatsapp&#8221; particles=&#8221;yes&#8221; use_custom_fonts_h2=&#8221;true&#8221; btn_button_block=&#8221;true&#8221; btn_add_icon=&#8221;true&#8221; el_class=&#8221;third_bg_color&#8221; css=&#8221;.vc_custom_1699454580780{margin-bottom: 0px !important;background-color: #fe5000 !important;}&#8221; btn_link=&#8221;url:https%3A%2F%2Fwa.me%2F5567996795145|target:_blank&#8221;][\/vc_cta][\/vc_column][\/vc_row]<\/p>\n<\/section>","protected":false},"excerpt":{"rendered":"<p>[vc_row][vc_column][vc_single_image image=&#8221;8005&#8243; img_size=&#8221;large&#8221;][\/vc_column][\/vc_row][vc_row full_width=&#8221;stretch_row&#8221; css=&#8221;.vc_custom_1598350241852{padding-top: 100px !important;}&#8221;][vc_column width=&#8221;1\/12&#8243;][\/vc_column][vc_column width=&#8221;5\/6&#8243;][vc_custom_heading stripe_pos=&#8221;hide&#8221; stm_title_font_weight=&#8221;400&#8243; text=&#8221;DINHEIRO A MAIS, TAXAS A MENOS PARA APOSENTADOS E PENSIONISTAS DO INSS E SERVIDORES P\u00daBLICOS.&#8221; font_container=&#8221;tag:p|font_size:30px|text_align:center|line_height:44px&#8221; use_theme_fonts=&#8221;yes&#8221; css=&#8221;.vc_custom_1699408420188{margin-bottom: 65px !important;}&#8221;][vc_column_text]Voc\u00ea quer ter acesso a dinheiro ou cr\u00e9dito que precisa? Est\u00e1 procurando as melhores op\u00e7\u00f5es de parcelamento? Estamos aqui para ajudar! Aproveite essa oportunidade \u00fanica<\/p>\n","protected":false},"author":1,"featured_media":0,"parent":0,"menu_order":0,"comment_status":"closed","ping_status":"closed","template":"","meta":{"sfsi_plus_gutenberg_text_before_share":"","sfsi_plus_gutenberg_show_text_before_share":"","sfsi_plus_gutenberg_icon_type":"","sfsi_plus_gutenberg_icon_alignemt":"","sfsi_plus_gutenburg_max_per_row":"","footnotes":""},"class_list":["post-8065","page","type-page","status-publish","hentry"],"_links":{"self":[{"href":"https:\/\/dindincred.com.br\/index.php\/wp-json\/wp\/v2\/pages\/8065"}],"collection":[{"href":"https:\/\/dindincred.com.br\/index.php\/wp-json\/wp\/v2\/pages"}],"about":[{"href":"https:\/\/dindincred.com.br\/index.php\/wp-json\/wp\/v2\/types\/page"}],"author":[{"embeddable":true,"href":"https:\/\/dindincred.com.br\/index.php\/wp-json\/wp\/v2\/users\/1"}],"replies":[{"embeddable":true,"href":"https:\/\/dindincred.com.br\/index.php\/wp-json\/wp\/v2\/comments?post=8065"}],"version-history":[{"count":22,"href":"https:\/\/dindincred.com.br\/index.php\/wp-json\/wp\/v2\/pages\/8065\/revisions"}],"predecessor-version":[{"id":8097,"href":"https:\/\/dindincred.com.br\/index.php\/wp-json\/wp\/v2\/pages\/8065\/revisions\/8097"}],"wp:attachment":[{"href":"https:\/\/dindincred.com.br\/index.php\/wp-json\/wp\/v2\/media?parent=8065"}],"curies":[{"name":"wp","href":"https:\/\/api.w.org\/{rel}","templated":true}]}}