{"id":9081,"date":"2025-10-11T11:25:07","date_gmt":"2025-10-11T15:25:07","guid":{"rendered":"https:\/\/dindincred.com.br\/?page_id=9081"},"modified":"2025-10-11T11:25:08","modified_gmt":"2025-10-11T15:25:08","slug":"voce-se-aposentar-aposente-ja","status":"publish","type":"page","link":"https:\/\/dindincred.com.br\/index.php\/voce-se-aposentar-aposente-ja\/","title":{"rendered":"Voc\u00ea se aposentar? Aposente j\u00e1!"},"content":{"rendered":"<p>Aposentadoria e Previd\u00eancia Social \u2013 Assessoria Extrajudicial Din Din Cred<\/p><p><\/p><p><\/p>","protected":false},"excerpt":{"rendered":"<p>Aposentadoria e Previd\u00eancia Social \u2013 Assessoria Extrajudicial Din Din Cred<\/p>\n","protected":false},"author":1,"featured_media":0,"parent":0,"menu_order":0,"comment_status":"closed","ping_status":"closed","template":"","meta":{"sfsi_plus_gutenberg_text_before_share":"","sfsi_plus_gutenberg_show_text_before_share":"","sfsi_plus_gutenberg_icon_type":"","sfsi_plus_gutenberg_icon_alignemt":"","sfsi_plus_gutenburg_max_per_row":"","footnotes":""},"class_list":["post-9081","page","type-page","status-publish","hentry"],"_links":{"self":[{"href":"https:\/\/dindincred.com.br\/index.php\/wp-json\/wp\/v2\/pages\/9081"}],"collection":[{"href":"https:\/\/dindincred.com.br\/index.php\/wp-json\/wp\/v2\/pages"}],"about":[{"href":"https:\/\/dindincred.com.br\/index.php\/wp-json\/wp\/v2\/types\/page"}],"author":[{"embeddable":true,"href":"https:\/\/dindincred.com.br\/index.php\/wp-json\/wp\/v2\/users\/1"}],"replies":[{"embeddable":true,"href":"https:\/\/dindincred.com.br\/index.php\/wp-json\/wp\/v2\/comments?post=9081"}],"version-history":[{"count":1,"href":"https:\/\/dindincred.com.br\/index.php\/wp-json\/wp\/v2\/pages\/9081\/revisions"}],"predecessor-version":[{"id":9082,"href":"https:\/\/dindincred.com.br\/index.php\/wp-json\/wp\/v2\/pages\/9081\/revisions\/9082"}],"wp:attachment":[{"href":"https:\/\/dindincred.com.br\/index.php\/wp-json\/wp\/v2\/media?parent=9081"}],"curies":[{"name":"wp","href":"https:\/\/api.w.org\/{rel}","templated":true}]}}